{"id":836,"date":"2024-01-29T14:31:06","date_gmt":"2024-01-29T14:31:06","guid":{"rendered":"https:\/\/eazygrease.com\/?page_id=836"},"modified":"2024-02-14T17:41:01","modified_gmt":"2024-02-14T17:41:01","slug":"mejor-manera-de-deshacerse-del-aceite-de-cocina-miami","status":"publish","type":"page","link":"https:\/\/eazygrease.com\/es\/mejor-manera-de-deshacerse-del-aceite-de-cocina-miami\/","title":{"rendered":"La mejor manera de deshacerse del aceite de cocina Miami"},"content":{"rendered":"<div class=\"wp-block-stackable-heading stk-block-heading stk-block-heading--v2 stk-block stk-d7b723f\" id=\"best-way-to-dispose-of-cooking-oil-miami-fl\" data-block-id=\"d7b723f\"><h1 class=\"stk-block-heading__text\">La mejor manera de deshacerse del aceite de cocina Miami, FL<\/h1><\/div>\n\n\n\n<p>\u00bfBusca la mejor manera de deshacerse del aceite de cocina en Miami? Usted no esta solo. La eliminaci\u00f3n adecuada es vital para evitar problemas de plomer\u00eda y contaminaci\u00f3n ambiental. Ya sea un gal\u00f3n de su restaurante o un barril de sus instalaciones, Miami ofrece varias opciones de eliminaci\u00f3n responsable. Siga leyendo para descubrir m\u00e9todos seguros y eficientes adaptados a sus necesidades.<\/p>\n\n\n\n<div class=\"wp-block-ht-block-toc  is-style-outline htoc htoc--position-wide toc-list-style-plain\" data-htoc-state=\"expanded\"><span class=\"htoc__title\"><span class=\"ht_toc_title\">\u00cdndice<\/span><span class=\"htoc__toggle\"><svg xmlns=\"http:\/\/www.w3.org\/2000\/svg\" width=\"16\" height=\"16\"><g fill=\"#444\"><path d=\"M15 7H1c-.6 0-1 .4-1 1s.4 1 1 1h14c.6 0 1-.4 1-1s-.4-1-1-1z\"><\/path><path d=\"M15 1H1c-.6 0-1 .4-1 1s.4 1 1 1h14c.6 0 1-.4 1-1s-.4-1-1-1zM15 13H1c-.6 0-1 .4-1 1s.4 1 1 1h14c.6 0 1-.4 1-1s-.4-1-1-1z\"><\/path><\/g><\/svg><\/span><\/span><div class=\"htoc__itemswrap\"><ul class=\"ht_toc_list\"><li class=\"\"><a href=\"#highlights\">Destacados<\/a><\/li><li class=\"\"><a href=\"#introduction\">Introducci\u00f3n<\/a><\/li><li class=\"\"><a href=\"#the-risks-of-improper-disposal\">Los riesgos de una eliminaci\u00f3n inadecuada<\/a><\/li><li class=\"\"><a href=\"#safe-disposal-methods\">M\u00e9todos seguros de eliminaci\u00f3n<\/a><\/li><li class=\"\"><a href=\"#eazy-grease-services-for-businesses-and-large-volume-users\">Servicios Eazy Grease para empresas y grandes usuarios<\/a><\/li><li class=\"\"><a href=\"#community-involvement-and-programs\">Participaci\u00f3n comunitaria y programas<\/a><\/li><li class=\"\"><a href=\"#conclusion\">Conclusi\u00f3n<\/a><\/li><li class=\"\"><a href=\"#1-presentation\">+1 Presentaci\u00f3n:<\/a><\/li><li class=\"\"><a href=\"#summary\">Resumen<\/a><\/li><li class=\"\"><a href=\"#frequently-asked-questions\">Preguntas frecuentes<\/a><\/li><\/ul><\/div><\/div>\n\n\n\n<h2 class=\"wp-block-heading\" id=\"highlights\">Destacados<\/h2>\n\n\n\n<ul class=\"wp-block-list\">\n<li>Eazy Grease proporciona un servicio crucial para la eliminaci\u00f3n eficiente y el reciclaje de aceite de cocina en Miami, ofreciendo contenci\u00f3n especializada y recogida para evitar da\u00f1os al medio ambiente.<\/li>\n\n\n\n<li>La eliminaci\u00f3n incorrecta del aceite de cocina puede provocar graves problemas medioambientales y de fontaner\u00eda, por lo que los m\u00e9todos de eliminaci\u00f3n adecuados, como contenedores especializados para los hogares y servicios de reciclaje para vol\u00famenes mayores, son una necesidad para la salud de las ciudades.<\/li>\n\n\n\n<li>Las empresas con grandes cantidades de residuos de aceite de cocina pueden utilizar los servicios profesionales de recogida y reciclaje de Eazy Grease, que garantizan el cumplimiento de la normativa, fomentan la sostenibilidad medioambiental y transforman los residuos en un recurso.<\/li>\n<\/ul>\n\n\n\n<h2 class=\"wp-block-heading\" id=\"introduction\">Introducci\u00f3n<\/h2>\n\n\n\n<figure class=\"wp-block-image\"><img decoding=\"async\" src=\"https:\/\/images.surferseo.art\/008a41ae-5881-46f5-aa46-f6d8036ba2b4.png\" alt=\"El horizonte de la ciudad con el concepto de conservaci\u00f3n del medio ambiente\"\/><\/figure>\n\n\n\n<p>Eazy Grease es m\u00e1s que un servicio; somos un equipo dedicado a salvaguardar nuestros recursos naturales al tiempo que garantizamos una eliminaci\u00f3n eficiente del aceite de cocina. Entendemos que en una ciudad bulliciosa como Miami, los restaurantes y establecimientos de comida producen cantidades significativas de aceite usado y grasa. La forma en que manejamos este subproducto es esencial para mantener la salud ambiental y la infraestructura de la ciudad.<\/p>\n\n\n\n<p>Nuestro proceso incluye un mantenimiento rutinario en el que nuestro equipo recoge el aceite usado de las instalaciones de su empresa. El aceite se almacena en dep\u00f3sitos y contenedores especialmente dise\u00f1ados, garantizando que no se produzcan fugas ni vertidos que puedan da\u00f1ar el medio ambiente. Este proceso trasciende la mera eliminaci\u00f3n de residuos, transform\u00e1ndolos en un recurso y fomentando un ciclo de producci\u00f3n m\u00e1s sostenible.<\/p>\n\n\n\n<p>No se puede subestimar la importancia de una eliminaci\u00f3n adecuada, ya que una eliminaci\u00f3n incorrecta del aceite de cocina puede tener graves repercusiones, desde problemas de fontaner\u00eda hasta importantes da\u00f1os medioambientales. Cuando se asocia con nosotros, su empresa se convierte en parte de la soluci\u00f3n en lugar de contribuir al problema. Nuestros servicios eliminan las molestias de la eliminaci\u00f3n y el reciclaje, lo que le deja m\u00e1s tiempo para centrarse en lo importante: servir comida deliciosa a sus clientes.<\/p>\n\n\n\n<h2 class=\"wp-block-heading\" id=\"the-risks-of-improper-disposal\">Los riesgos de una eliminaci\u00f3n inadecuada<\/h2>\n\n\n\n<p>Imagine que vierte una taza de aceite de cocina usado por el fregadero de su cocina. Parece inofensivo, \u00bfverdad? Pero la realidad dista mucho de serlo. Este simple acto puede obstruir las tuber\u00edas, contaminar las v\u00edas fluviales e incluso afectar al sistema de alcantarillado de la ciudad, al igual que tirar la arena para gatos de forma inadecuada.<\/p>\n\n\n\n<p>La Agencia de Protecci\u00f3n del Medio Ambiente ha advertido de que la eliminaci\u00f3n inadecuada del aceite de cocina contribuye significativamente a la contaminaci\u00f3n del agua. Cuando el aceite de cocina llega a la basura y, finalmente, al vertedero, se filtra al suelo, contaminando nuestros recursos h\u00eddricos. Esto eleva la importancia de la eliminaci\u00f3n adecuada y el reciclaje de ser una mera opci\u00f3n a una necesidad.<\/p>\n\n\n\n<p>Adem\u00e1s, una eliminaci\u00f3n inadecuada puede provocar graves problemas de fontaner\u00eda. Al enfriarse, el aceite se solidifica y se adhiere al interior de las tuber\u00edas, lo que provoca atascos cuya reparaci\u00f3n puede resultar costosa. Por tanto, desechar correctamente el aceite de cocina no s\u00f3lo protege el medio ambiente, sino tambi\u00e9n su bolsillo.<\/p>\n\n\n\n<h2 class=\"wp-block-heading\" id=\"safe-disposal-methods\">M\u00e9todos seguros de eliminaci\u00f3n<\/h2>\n\n\n\n<figure class=\"wp-block-image\"><img decoding=\"async\" src=\"https:\/\/images.surferseo.art\/490ee14c-5d0a-4670-b96a-0b2ec318f71f.png\" alt=\"Contenedor lleno de aceite de cocina usado para reciclar\"\/><\/figure>\n\n\n\n<p>\u00bfCu\u00e1l es la mejor manera de deshacerse del aceite de cocina? Para peque\u00f1as cantidades, el uso de contenedores de aceite de cocina es un m\u00e9todo seguro y c\u00f3modo. Una vez que el aceite se haya enfriado, puede verterse en un recipiente herm\u00e9tico, como un tarro o una botella vieja, y tirarlo a la basura.<\/p>\n\n\n\n<p>Pero, \u00bfc\u00f3mo tratar grandes cantidades de aceite? Ah\u00ed es donde entra en juego el reciclaje de aceite de cocina. Miami cuenta con varios centros de reciclaje que aceptan aceite de cocina y lo convierten en gas\u00f3leo renovable, como el biodi\u00e9sel. Esta alternativa de combustible respetuosa con el medio ambiente es un testimonio del adagio: \"La basura de un hombre es el tesoro de otro\".<\/p>\n\n\n\n<p>Tanto si se trata de un peque\u00f1o hogar como de un gran restaurante, la correcta eliminaci\u00f3n del aceite de cocina es responsabilidad de todos. Optar por el reciclaje no solo garantiza una eliminaci\u00f3n responsable de los residuos, sino que tambi\u00e9n contribuye a mantener un Miami m\u00e1s ecol\u00f3gico y limpio.<\/p>\n\n\n\n<h2 class=\"wp-block-heading\" id=\"eazy-grease-services-for-businesses-and-large-volume-users\">Servicios Eazy Grease para empresas y grandes usuarios<\/h2>\n\n\n\n<figure class=\"wp-block-image\"><img decoding=\"async\" src=\"https:\/\/images.surferseo.art\/f39edb93-0db6-4937-8ce8-e6059844faa8.png\" alt=\"Servicio profesional de limpieza de colectores de grasa para empresas\"\/><\/figure>\n\n\n\n<p>Para empresas o particulares con grandes cantidades de aceite de cocina, Eazy Grease ofrece servicios profesionales de recogida y reciclaje, especialmente para tiendas de comestibles. Nuestro equipo se encarga de la recogida, el transporte y el reciclaje, garantizando un proceso perfecto que cumple las normas medioambientales.<\/p>\n\n\n\n<p>Adaptamos nuestros servicios de reciclaje de aceite de cocina a las necesidades de las empresas de restauraci\u00f3n, programando recogidas para eliminar su aceite de cocina usado de forma responsable y eficiente. Con nuestro servicio de recogida de aceite de cocina, las empresas pueden gestionar los residuos de forma eficaz y sostenible, convirtiendo un problema potencial en una soluci\u00f3n ecol\u00f3gica.<\/p>\n\n\n\n<p>Asociarse con Eazy Grease ofrece las siguientes ventajas:<\/p>\n\n\n\n<ul class=\"wp-block-list\">\n<li>Garantiza que su empresa cumple la normativa sobre eliminaci\u00f3n de residuos<\/li>\n\n\n\n<li>Ayuda a mantener un Miami m\u00e1s verde<\/li>\n\n\n\n<li>Convierte los residuos en recursos<\/li>\n\n\n\n<li>Marca la diferencia con tu ayuda.<\/li>\n<\/ul>\n\n\n\n<h2 class=\"wp-block-heading\" id=\"community-involvement-and-programs\">Participaci\u00f3n comunitaria y programas<\/h2>\n\n\n\n<p>Confiamos en el poder de la comunidad y por ello animamos a todos los residentes de Miami a participar en los programas locales de eliminaci\u00f3n de aceite. Estas iniciativas desempe\u00f1an un papel fundamental en el mantenimiento de la salud medioambiental de nuestra ciudad, garantizando que nuestra hermosa Miami permanezca limpia y verde.<\/p>\n\n\n\n<p>La participaci\u00f3n activa de la comunidad no s\u00f3lo ayuda al medio ambiente, sino que tambi\u00e9n contribuye a nuestro bienestar individual. Cuando nos deshacemos de nuestros residuos de forma responsable, contribuimos a una ciudad m\u00e1s sana y limpia. As\u00ed que, ya sea participando en un programa local o utilizando nuestros servicios, tus acciones tienen un impacto significativo.<\/p>\n\n\n\n<p>Mant\u00e9ngase atento a los tablones de anuncios de la comunidad y a nuestro sitio web para conocer los pr\u00f3ximos eventos e iniciativas. Trabajemos juntos para hacer de Miami un brillante ejemplo de gesti\u00f3n responsable de residuos.<\/p>\n\n\n\n<h2 class=\"wp-block-heading\" id=\"conclusion\">Conclusi\u00f3n<\/h2>\n\n\n\n<figure class=\"wp-block-image\"><img decoding=\"async\" src=\"https:\/\/images.surferseo.art\/2953417d-a256-4856-9a20-10f9a9eaf386.png\" alt=\"Programa comunitario de eliminaci\u00f3n de aceite en Miami\"\/><\/figure>\n\n\n\n<p>En conclusi\u00f3n, la correcta eliminaci\u00f3n del aceite de cocina trasciende la necesidad: es una responsabilidad compartida. Tanto si se trata de un hogar como de una empresa, cada gota de aceite desechada correctamente contribuye a un medio ambiente m\u00e1s limpio y a un Miami m\u00e1s sano.<\/p>\n\n\n\n<p>En Eazy Grease, nuestro compromiso radica en proporcionar soluciones expertas para la eliminaci\u00f3n de aceite, incluyendo el mantenimiento de trampas de grasa, limpieza de trampas de grasa, y trampas de grasa. Nuestros servicios est\u00e1n dise\u00f1ados para hacer que el proceso de eliminaci\u00f3n de su aceite de cocina sea f\u00e1cil, eficiente y respetuoso con el medio ambiente. Nuestro objetivo es ayudarle a navegar por las complejidades de la gesti\u00f3n de residuos, para que pueda concentrarse en sus competencias principales.<\/p>\n\n\n\n<p>Por eso, la pr\u00f3xima vez que termines de fre\u00edr un delicioso plato, ten en cuenta los m\u00e9todos responsables de eliminaci\u00f3n del aceite usado. Juntos podemos marcar la diferencia, gota a gota.<\/p>\n\n\n\n<h2 class=\"wp-block-heading\" id=\"1-presentation\">+1 Presentaci\u00f3n:<\/h2>\n\n\n\n<p>Para que su viaje hacia la eliminaci\u00f3n responsable del aceite sea a\u00fan m\u00e1s f\u00e1cil, hemos dise\u00f1ado nuestro sitio web para facilitar su uso. Tanto si busca m\u00e1s informaci\u00f3n como si desea leer los testimonios de nuestros clientes satisfechos o programar una recogida, todo lo que necesita est\u00e1 al alcance de su mano.<\/p>\n\n\n\n<p>Entendemos que navegar por el mundo de la gesti\u00f3n de residuos puede ser todo un reto. Por eso estamos dispuestos a ayudarle en todo el proceso. Visite nuestra p\u00e1gina Cont\u00e1ctenos para obtener m\u00e1s informaci\u00f3n y empecemos a marcar juntos la diferencia.<\/p>\n\n\n\n<h2 class=\"wp-block-heading\" id=\"summary\">Resumen<\/h2>\n\n\n\n<p>En esta gu\u00eda nos hemos adentrado en el mundo de la eliminaci\u00f3n del aceite de cocina en Miami. Hemos explorado los riesgos de la eliminaci\u00f3n inadecuada, la importancia del reciclaje y el papel de la participaci\u00f3n de la comunidad en el mantenimiento de una ciudad m\u00e1s limpia y m\u00e1s verde.<\/p>\n\n\n\n<p>Eazy Grease se compromete a proporcionar soluciones expertas para la eliminaci\u00f3n de aceites. Tanto si es un hogar como una empresa, estamos aqu\u00ed para ayudarle a navegar por las complejidades de la gesti\u00f3n de residuos, asegur\u00e1ndonos de que pueda centrarse en lo que mejor sabe hacer.<\/p>\n\n\n\n<p>No se trata s\u00f3lo de deshacerse de los residuos, sino de transformarlos en recursos. Al elegir reciclar, contribuimos a un Miami m\u00e1s verde y a un planeta m\u00e1s sano.<\/p>\n\n\n\n<h2 class=\"wp-block-heading\" id=\"frequently-asked-questions\">Preguntas frecuentes<\/h2>\n\n\n\n<h3 class=\"wp-block-heading\" id=\"how-do-you-properly-dispose-of-cooking-oil\">\u00bfC\u00f3mo se desecha correctamente el aceite de cocina?<\/h3>\n\n\n\n<p>Una vez que se haya enfriado por completo, vierta el aceite de cocina en un recipiente que pueda cerrarse herm\u00e9ticamente y, a continuaci\u00f3n, tire el recipiente cerrado a la basura. Nunca lo tires por el fregadero. Esto ayuda a prevenir la obstrucci\u00f3n y la contaminaci\u00f3n ambiental.<\/p>\n\n\n\n<h3 class=\"wp-block-heading\" id=\"how-do-i-dispose-of-oil-in-florida\">\u00bfC\u00f3mo se elimina el aceite en Florida?<\/h3>\n\n\n\n<p>Para desechar el aceite en Florida, puede utilizar el programa de Centros P\u00fablicos de Recogida de Aceite Usado (PUOCC), que le permite reciclar y desechar correctamente hasta 5 galones de aceite usado de forma gratuita. Esto ayudar\u00e1 a evitar la contaminaci\u00f3n del agua de Florida.<\/p>\n\n\n\n<h3 class=\"wp-block-heading\" id=\"where-should-i-dispose-of-frying-oil\">\u00bfD\u00f3nde debo tirar el aceite de fre\u00edr?<\/h3>\n\n\n\n<p>Debe desechar el aceite de fritura verti\u00e9ndolo en una lata de metal o un recipiente de pl\u00e1stico, asegurando la tapa y tir\u00e1ndolo a la basura. Esto ayuda a evitar obstrucciones y da\u00f1os al medio ambiente.<\/p>\n\n\n\n<h3 class=\"wp-block-heading\" id=\"what-services-does-eazy-grease-offer-for-large-quantities-of-used-cooking-oil\">\u00bfQu\u00e9 servicios ofrece Eazy Grease para grandes cantidades de aceite de cocina usado?<\/h3>\n\n\n\n<p>Eazy Grease ofrece servicios profesionales de recogida y reciclaje para empresas y particulares con grandes cantidades de aceite de cocina, gestionando todo el proceso de conformidad con las normas medioambientales.<\/p>\n\n\n\n<h3 class=\"wp-block-heading\" id=\"how-can-i-contribute-to-responsible-oil-disposal-in-my-community\">\u00bfC\u00f3mo puedo contribuir a la eliminaci\u00f3n responsable del petr\u00f3leo en mi comunidad?<\/h3>\n\n\n\n<p>Usted puede contribuir a la eliminaci\u00f3n responsable del aceite en su comunidad participando en los programas locales de eliminaci\u00f3n de aceite, que ayudan a mantener la salud del medio ambiente y a conservar su comunidad limpia y verde.<\/p>","protected":false},"excerpt":{"rendered":"<p>Best Way to Dispose of Cooking Oil Miami, FL Looking for the best way to dispose of cooking oil Miami? You\u2019re not alone. Proper disposal is vital to prevent plumbing issues and environmental contamination. Whether it\u2019s a gallon from your restaurant or a barrel from your facility, Miami offers several responsible disposal options. Keep reading [&hellip;]<\/p>\n","protected":false},"author":12,"featured_media":0,"parent":0,"menu_order":0,"comment_status":"closed","ping_status":"closed","template":"","meta":{"_acf_changed":false,"footnotes":""},"class_list":["post-836","page","type-page","status-publish","hentry"],"acf":[],"featured_image_urls":{"full":"","thumbnail":"","medium":"","medium_large":"","large":"","ht-kb-thumb":"","1536x1536":"","2048x2048":"","trp-custom-language-flag":"","web-stories-poster-portrait":"","web-stories-publisher-logo":"","web-stories-thumbnail":""},"post_excerpt_stackable":"<p>Best Way to Dispose of Cooking Oil Miami, FL Looking for the best way to dispose of cooking oil Miami? You\u2019re not alone. Proper disposal is vital to prevent plumbing issues and environmental contamination. Whether it\u2019s a gallon from your restaurant or a barrel from your facility, Miami offers several responsible disposal options. Keep reading to discover safe, efficient methods tailored to your needs. Table of ContentsHighlightsIntroductionThe Risks of Improper DisposalSafe Disposal MethodsEazy Grease Services for Businesses and Large Volume UsersCommunity Involvement and ProgramsConclusion+1 Presentation:SummaryFrequently Asked Questions Highlights Eazy Grease provides a crucial service for the efficient disposal and recycling&hellip;<\/p>\n","category_list":"","author_info":{"name":"Artem Kamalov","url":"https:\/\/eazygrease.com\/es\/author\/eazygrease\/"},"comments_num":"0 comments","_links":{"self":[{"href":"https:\/\/eazygrease.com\/es\/wp-json\/wp\/v2\/pages\/836","targetHints":{"allow":["GET"]}}],"collection":[{"href":"https:\/\/eazygrease.com\/es\/wp-json\/wp\/v2\/pages"}],"about":[{"href":"https:\/\/eazygrease.com\/es\/wp-json\/wp\/v2\/types\/page"}],"author":[{"embeddable":true,"href":"https:\/\/eazygrease.com\/es\/wp-json\/wp\/v2\/users\/12"}],"replies":[{"embeddable":true,"href":"https:\/\/eazygrease.com\/es\/wp-json\/wp\/v2\/comments?post=836"}],"version-history":[{"count":0,"href":"https:\/\/eazygrease.com\/es\/wp-json\/wp\/v2\/pages\/836\/revisions"}],"wp:attachment":[{"href":"https:\/\/eazygrease.com\/es\/wp-json\/wp\/v2\/media?parent=836"}],"curies":[{"name":"wp","href":"https:\/\/api.w.org\/{rel}","templated":true}]}}