{"id":816,"date":"2024-01-26T15:33:28","date_gmt":"2024-01-26T15:33:28","guid":{"rendered":"https:\/\/eazygrease.com\/?page_id=816"},"modified":"2025-06-30T15:53:15","modified_gmt":"2025-06-30T15:53:15","slug":"politica-de-la-dmca-para-eazy-grease-llc","status":"publish","type":"page","link":"https:\/\/eazygrease.com\/es\/politica-de-la-dmca-para-eazy-grease-llc\/","title":{"rendered":"Pol\u00edtica DMCA de Eazy Grease LLC"},"content":{"rendered":"<div data-elementor-type=\"wp-page\" data-elementor-id=\"816\" class=\"elementor elementor-816\" data-elementor-settings=\"{&quot;element_pack_global_tooltip_width&quot;:{&quot;unit&quot;:&quot;px&quot;,&quot;size&quot;:&quot;&quot;,&quot;sizes&quot;:[]},&quot;element_pack_global_tooltip_width_tablet&quot;:{&quot;unit&quot;:&quot;px&quot;,&quot;size&quot;:&quot;&quot;,&quot;sizes&quot;:[]},&quot;element_pack_global_tooltip_width_mobile&quot;:{&quot;unit&quot;:&quot;px&quot;,&quot;size&quot;:&quot;&quot;,&quot;sizes&quot;:[]},&quot;element_pack_global_tooltip_padding&quot;:{&quot;unit&quot;:&quot;px&quot;,&quot;top&quot;:&quot;&quot;,&quot;right&quot;:&quot;&quot;,&quot;bottom&quot;:&quot;&quot;,&quot;left&quot;:&quot;&quot;,&quot;isLinked&quot;:true},&quot;element_pack_global_tooltip_padding_tablet&quot;:{&quot;unit&quot;:&quot;px&quot;,&quot;top&quot;:&quot;&quot;,&quot;right&quot;:&quot;&quot;,&quot;bottom&quot;:&quot;&quot;,&quot;left&quot;:&quot;&quot;,&quot;isLinked&quot;:true},&quot;element_pack_global_tooltip_padding_mobile&quot;:{&quot;unit&quot;:&quot;px&quot;,&quot;top&quot;:&quot;&quot;,&quot;right&quot;:&quot;&quot;,&quot;bottom&quot;:&quot;&quot;,&quot;left&quot;:&quot;&quot;,&quot;isLinked&quot;:true},&quot;element_pack_global_tooltip_border_radius&quot;:{&quot;unit&quot;:&quot;px&quot;,&quot;top&quot;:&quot;&quot;,&quot;right&quot;:&quot;&quot;,&quot;bottom&quot;:&quot;&quot;,&quot;left&quot;:&quot;&quot;,&quot;isLinked&quot;:true},&quot;element_pack_global_tooltip_border_radius_tablet&quot;:{&quot;unit&quot;:&quot;px&quot;,&quot;top&quot;:&quot;&quot;,&quot;right&quot;:&quot;&quot;,&quot;bottom&quot;:&quot;&quot;,&quot;left&quot;:&quot;&quot;,&quot;isLinked&quot;:true},&quot;element_pack_global_tooltip_border_radius_mobile&quot;:{&quot;unit&quot;:&quot;px&quot;,&quot;top&quot;:&quot;&quot;,&quot;right&quot;:&quot;&quot;,&quot;bottom&quot;:&quot;&quot;,&quot;left&quot;:&quot;&quot;,&quot;isLinked&quot;:true}}\" data-elementor-post-type=\"page\">\n\t\t\t\t<div class=\"elementor-element elementor-element-5627aed e-con-full e-flex e-con e-parent\" data-id=\"5627aed\" data-element_type=\"container\" data-e-type=\"container\">\n\t\t<div class=\"elementor-element elementor-element-f95107d e-flex e-con-boxed e-con e-child\" data-id=\"f95107d\" data-element_type=\"container\" data-e-type=\"container\">\n\t\t\t\t\t<div class=\"e-con-inner\">\n\t\t\t\t<div class=\"elementor-element elementor-element-e73c149 elementor-widget-mobile__width-initial elementor-widget elementor-widget-text-editor\" data-id=\"e73c149\" data-element_type=\"widget\" data-e-type=\"widget\" data-widget_type=\"text-editor.default\">\n\t\t\t\t<div class=\"elementor-widget-container\">\n\t\t\t\t\t\t\t\t\t<h1>POL\u00cdTICA DE LA DMCA PARA EAZY GREASE LLC<\/h1><div class=\"wp-block-stackable-columns stk-block-columns stk-block stk-ee39dd6\" data-block-id=\"ee39dd6\"><div class=\"stk-row stk-inner-blocks stk-block-content stk-content-align stk-ee39dd6-column\"><div class=\"wp-block-stackable-column stk-block-column stk-column stk-block stk-8b23a7c\" data-v=\"4\" data-block-id=\"8b23a7c\"><div class=\"stk-column-wrapper stk-block-column__content stk-container stk-8b23a7c-container stk--no-background stk--no-padding\"><div class=\"stk-block-content stk-inner-blocks stk-8b23a7c-inner-blocks\"><h3 id=\"1-overview\" class=\"wp-block-heading\"><strong>1. Visi\u00f3n general<\/strong><\/h3><p>Eazy Grease LLC (\"Eazy Grease\", \"nosotros\", \"nuestro\" o \"nos\") respeta los derechos de propiedad intelectual de terceros y cumple con las leyes de propiedad intelectual.\u00a0<strong>Ley de derechos de autor del milenio digital<\/strong>\u00a0(\"DMCA\"), 17 U.S.C. \u00a7 512. Esta pol\u00edtica explica c\u00f3mo los titulares de derechos de autor pueden notificarnos presuntas infracciones de derechos de autor en nuestro sitio web:\u00a0<a href=\"https:\/\/eazygrease.com\/es\/\"><strong>https:\/\/eazygrease.com<\/strong><\/a>\u00a0(el \"Sitio\"), y c\u00f3mo responderemos.<\/p><h3><strong>2. Presentaci\u00f3n de un aviso de retirada de DMCA<\/strong><\/h3><p>Si cree que su trabajo protegido por derechos de autor ha sido copiado y publicado en nuestro Sitio sin autorizaci\u00f3n de forma que constituye una infracci\u00f3n de los derechos de autor, env\u00ede una notificaci\u00f3n DMCA por escrito a nuestro agente designado que incluya la siguiente informaci\u00f3n:<\/p><ol class=\"wp-block-list\" start=\"1\"><li>Una firma f\u00edsica o electr\u00f3nica del titular de los derechos de autor o de la persona autorizada para actuar en su nombre;<\/li><li>Identificaci\u00f3n de la obra protegida por derechos de autor cuya infracci\u00f3n se alega;<\/li><li>Identificaci\u00f3n del material infractor, incluida la URL o ubicaci\u00f3n espec\u00edfica en nuestro Sitio;<\/li><li>Informaci\u00f3n de contacto de la parte denunciante, incluidos nombre completo, direcci\u00f3n postal, n\u00famero de tel\u00e9fono y direcci\u00f3n de correo electr\u00f3nico;<\/li><li>Una declaraci\u00f3n de que la parte reclamante cree de buena fe que el uso no est\u00e1 autorizado por el propietario de los derechos de autor, su agente o la ley;<\/li><li>Una declaraci\u00f3n de que la informaci\u00f3n contenida en la notificaci\u00f3n es exacta y, bajo pena de perjurio, que la parte reclamante est\u00e1 autorizada a actuar en nombre del titular de los derechos de autor.<\/li><\/ol><h3 id=\"3-dmca-agent-contact-information\" class=\"wp-block-heading\"><strong>3. Informaci\u00f3n de contacto del agente DMCA<\/strong><\/h3><p>Env\u00ede sus avisos de retirada de DMCA a nuestra direcci\u00f3n\u00a0<strong>Agente de derechos de autor designado<\/strong>\u00a0en:<\/p><p><strong>Eazy Grease LLC<\/strong><\/p><p>A la atenci\u00f3n de: Agente DMCA<\/p><p>30 N Gould St #515888<\/p><p>Sheridan, WY 82801, EE.UU.<\/p><p>Correo electr\u00f3nico:\u00a0<strong>info@eazygrease.com<\/strong><\/p><p>Tel\u00e9fono:\u00a0<strong>888-204-2006<\/strong><\/p><p>Asunto:\u00a0<strong>Solicitud de retirada de DMCA<\/strong><\/p><h3 id=\"4-counter-notification\" class=\"wp-block-heading\"><strong>4. Contranotificaci\u00f3n<\/strong><\/h3><p>Si cree que su material ha sido retirado o inutilizado por error o identificaci\u00f3n err\u00f3nea, puede presentar una reclamaci\u00f3n\u00a0<strong>Contranotificaci\u00f3n DMCA<\/strong>\u00a0con nosotros. Debe incluir:<\/p><ol class=\"wp-block-list\" start=\"1\"><li>Su firma f\u00edsica o electr\u00f3nica;<\/li><li>Identificaci\u00f3n del material retirado o al que se ha impedido el acceso, y su ubicaci\u00f3n antes de la retirada;<\/li><li>Una declaraci\u00f3n bajo pena de perjurio de que usted cree de buena fe que el material fue retirado o inutilizado como resultado de un error o una identificaci\u00f3n err\u00f3nea;<\/li><li>Su nombre, direcci\u00f3n y n\u00famero de tel\u00e9fono, y una declaraci\u00f3n de que acepta la jurisdicci\u00f3n del tribunal federal de distrito de Wyoming y que aceptar\u00e1 la notificaci\u00f3n del demandante original o de su agente.<\/li><\/ol><p>Tras recibir una contranotificaci\u00f3n v\u00e1lida, podemos restaurar el contenido a menos que el propietario de los derechos de autor presente una demanda judicial en un plazo de 10 a 14 d\u00edas laborables.<\/p><h3 id=\"5-repeat-infringer-policy\" class=\"wp-block-heading\"><strong>5. Pol\u00edtica de infractores reincidentes<\/strong><\/h3><p>De acuerdo con la DMCA y otras leyes aplicables, Eazy Grease LLC ha adoptado una pol\u00edtica de terminaci\u00f3n, en circunstancias apropiadas y a nuestra sola discreci\u00f3n, de los usuarios que se consideren infractores reincidentes.<\/p><h3 id=\"6-misrepresentations\" class=\"wp-block-heading\"><strong>6. Falsedades<\/strong><\/h3><p>En virtud de 17 U.S.C. \u00a7 512(f), cualquier persona que, a sabiendas, tergiverse material o actividad como infractora, o que tergiverse que el material fue retirado por error o identificaci\u00f3n err\u00f3nea, puede estar sujeta a responsabilidad.<\/p><h3 id=\"7-questions\" class=\"wp-block-heading\"><strong>7. Preguntas<\/strong><\/h3><p>Si tiene alguna pregunta sobre esta pol\u00edtica o el proceso DMCA, p\u00f3ngase en contacto con nosotros en\u00a0<strong>info@eazygrease.com<\/strong>.<\/p><\/div><\/div><\/div><\/div><\/div>\t\t\t\t\t\t\t\t<\/div>\n\t\t\t\t<\/div>\n\t\t\t\t\t<\/div>\n\t\t\t\t<\/div>\n\t\t\t\t<\/div>\n\t\t\t\t<\/div>","protected":false},"excerpt":{"rendered":"<p>DMCA POLICY FOR EAZY GREASE LLC 1. Overview Eazy Grease LLC (\u201cEazy Grease,\u201d \u201cwe,\u201d \u201cour,\u201d or \u201cus\u201d) respects the intellectual property rights of others and complies with the\u00a0Digital Millennium Copyright Act\u00a0(\u201cDMCA\u201d), 17 U.S.C. \u00a7 512. This policy explains how copyright owners may notify us of alleged copyright infringement on our website:\u00a0https:\/\/eazygrease.com\u00a0(the \u201cSite\u201d), and how we [&hellip;]<\/p>\n","protected":false},"author":12,"featured_media":0,"parent":0,"menu_order":0,"comment_status":"closed","ping_status":"closed","template":"","meta":{"_acf_changed":false,"footnotes":""},"class_list":["post-816","page","type-page","status-publish","hentry"],"acf":[],"featured_image_urls":{"full":"","thumbnail":"","medium":"","medium_large":"","large":"","ht-kb-thumb":"","1536x1536":"","2048x2048":"","trp-custom-language-flag":"","web-stories-poster-portrait":"","web-stories-publisher-logo":"","web-stories-thumbnail":""},"post_excerpt_stackable":"<p>DMCA POLICY FOR EAZY GREASE LLC1. OverviewEazy Grease LLC (\u201cEazy Grease,\u201d \u201cwe,\u201d \u201cour,\u201d or \u201cus\u201d) respects the intellectual property rights of others and complies with the\u00a0Digital Millennium Copyright Act\u00a0(\u201cDMCA\u201d), 17 U.S.C. \u00a7 512. This policy explains how copyright owners may notify us of alleged copyright infringement on our website:\u00a0https:\/\/eazygrease.com\u00a0(the \u201cSite\u201d), and how we will respond.2. Filing a DMCA Takedown NoticeIf you believe your copyrighted work has been copied and posted on our Site without authorization in a way that constitutes copyright infringement, please send a written DMCA notice to our designated agent that includes the following information:A physical or electronic&hellip;<\/p>\n","category_list":"","author_info":{"name":"Artem Kamalov","url":"https:\/\/eazygrease.com\/es\/author\/eazygrease\/"},"comments_num":"0 comments","_links":{"self":[{"href":"https:\/\/eazygrease.com\/es\/wp-json\/wp\/v2\/pages\/816","targetHints":{"allow":["GET"]}}],"collection":[{"href":"https:\/\/eazygrease.com\/es\/wp-json\/wp\/v2\/pages"}],"about":[{"href":"https:\/\/eazygrease.com\/es\/wp-json\/wp\/v2\/types\/page"}],"author":[{"embeddable":true,"href":"https:\/\/eazygrease.com\/es\/wp-json\/wp\/v2\/users\/12"}],"replies":[{"embeddable":true,"href":"https:\/\/eazygrease.com\/es\/wp-json\/wp\/v2\/comments?post=816"}],"version-history":[{"count":0,"href":"https:\/\/eazygrease.com\/es\/wp-json\/wp\/v2\/pages\/816\/revisions"}],"wp:attachment":[{"href":"https:\/\/eazygrease.com\/es\/wp-json\/wp\/v2\/media?parent=816"}],"curies":[{"name":"wp","href":"https:\/\/api.w.org\/{rel}","templated":true}]}}