{"id":1458,"date":"2024-02-28T20:33:58","date_gmt":"2024-02-28T20:33:58","guid":{"rendered":"https:\/\/eazygrease.com\/?page_id=1458"},"modified":"2024-02-28T20:38:07","modified_gmt":"2024-02-28T20:38:07","slug":"grasa-servicios-de-eliminacion-de-aceite-norte-de-miami-fl","status":"publish","type":"page","link":"https:\/\/eazygrease.com\/es\/grasa-servicios-de-eliminacion-de-aceite-norte-de-miami-fl\/","title":{"rendered":"Servicios de Eliminaci\u00f3n de Grasa North Miami, FL"},"content":{"rendered":"<div class=\"wp-block-stackable-heading stk-block-heading stk-block-heading--v2 stk-block stk-bb3e462\" id=\"grease-oil-disposal-north-miami-fl-services\" data-block-id=\"bb3e462\"><h1 class=\"stk-block-heading__text\">Servicios de Eliminaci\u00f3n de Grasa North Miami, FL<\/h1><\/div>\n\n\n\n<p>La eliminaci\u00f3n de aceites grasos es un aspecto crucial para mantener un medio ambiente limpio y saludable. En North Miami, una ciudad que valora la conservaci\u00f3n de su bello entorno, muchas zonas industriales y residenciales generan aceite usado. Es esencial que comprenda la importancia de una eliminaci\u00f3n adecuada y los servicios disponibles para ayudarle en este proceso.<\/p>\n\n\n\n<p>En North Miami, los servicios de eliminaci\u00f3n de aceite graso trabajan para asegurar que manejan, transportan y reciclan los aceites usados de manera profesional y segura. Estos servicios se esfuerzan por minimizar los peligros potenciales asociados con la eliminaci\u00f3n inadecuada de aceite de grasa, como la contaminaci\u00f3n de las aguas subterr\u00e1neas, obstrucciones de alcantarillado, y el da\u00f1o ambiental en general.<\/p>\n\n\n\n<p>Al utilizar los servicios de eliminaci\u00f3n de aceite graso en North Miami, no s\u00f3lo contribuye a mejorar el medio ambiente, sino que tambi\u00e9n cumple con la normativa local dise\u00f1ada para proteger a la comunidad. Explore estos servicios y tome decisiones informadas sobre pr\u00e1cticas responsables de gesti\u00f3n de residuos en su vida personal o profesional.<\/p>\n\n\n\n<div class=\"wp-block-stackable-map stk-block-map stk-block stk-3f00a44\" data-block-id=\"3f00a44\"><style>.stk-3f00a44{border-top-left-radius:10px !important;border-top-right-radius:10px !important;border-bottom-right-radius:10px !important;border-bottom-left-radius:10px !important;overflow:hidden !important;box-shadow:0px 2px 20px rgba(153,153,153,0.2) !important}<\/style><iframe\n\t\t\t\t\t\ttitle=\"Contenido incrustado de Google Maps Platform.\"\n\t\t\t\t\t\tsrc=\"https:\/\/maps.google.com\/maps?q=North Miami, FL&#038;t=&#038;z=12&#038;ie=UTF8&#038;output=embed\"\n\t\t\t\t\t\tstyle=\"border:0;width:100%;max-width:none;max-height:none;height:100%;\"\n\t\t\t\t\t\taria-hidden=\"false\"\n\t\t\t\t\t\ttabindex=\"0\"\n\t\t\t\t\t\tallowfullscreen\n\t\t\t\t\t\tloading=\"lazy\"\n\t\t\t\t\t\tframeborder=\"0\"\n\t\t\t\t\t><\/iframe><\/div>\n\n\n\n<h2 class=\"wp-block-heading\">Servicios de eliminaci\u00f3n de grasas y aceites<\/h2>\n\n\n\n<div class=\"wp-block-stackable-image stk-block-image stk-block stk-afb69d1\" data-block-id=\"afb69d1\"><style>.stk-afb69d1{border-top-left-radius:10px !important;border-top-right-radius:10px !important;border-bottom-right-radius:10px !important;border-bottom-left-radius:10px !important;overflow:hidden !important;box-shadow:0px 2px 20px rgba(153,153,153,0.2) !important}<\/style><figure><span class=\"stk-img-wrapper stk-image--shape-stretch\"><img fetchpriority=\"high\" decoding=\"async\" class=\"stk-img wp-image-1223\" src=\"https:\/\/eazygrease.com\/wp-content\/uploads\/2024\/02\/eazy-grease-grease-trap-service.webp\" width=\"700\" height=\"300\" alt=\"La imagen muestra un servicio de limpieza de colectores de grasa en marcha. Un gran cami\u00f3n cisterna equipado con una manguera est\u00e1 aspirando el contenido de un colector de grasa. A la derecha, hay varios paneles de control que probablemente accionan el sistema de bombeo. El entorno parece ser una zona urbana, con palmeras y edificios al fondo. Se trata de un montaje t\u00edpico de los servicios de mantenimiento y saneamiento en zonas comerciales, donde los restaurantes y los establecimientos de restauraci\u00f3n requieren una limpieza peri\u00f3dica de los colectores de grasa para garantizar una gesti\u00f3n adecuada de los residuos y cumplir la normativa medioambiental.\" srcset=\"https:\/\/eazygrease.com\/wp-content\/uploads\/2024\/02\/eazy-grease-grease-trap-service.webp 700w, https:\/\/eazygrease.com\/wp-content\/uploads\/2024\/02\/eazy-grease-grease-trap-service-300x129.webp 300w, https:\/\/eazygrease.com\/wp-content\/uploads\/2024\/02\/eazy-grease-grease-trap-service-50x21.webp 50w, https:\/\/eazygrease.com\/wp-content\/uploads\/2024\/02\/eazy-grease-grease-trap-service-18x8.webp 18w\" sizes=\"(max-width: 700px) 100vw, 700px\" \/><\/span><\/figure><\/div>\n\n\n\n<h3 class=\"wp-block-heading\">Recogida de aceite de cocina usado<\/h3>\n\n\n\n<p>Para cocinas comerciales y restaurantes en North Miami, <strong>servicios de eliminaci\u00f3n de grasas y aceites<\/strong> son esenciales para mantener un entorno limpio y seguro. Uno de los servicios clave que prestan las empresas profesionales de eliminaci\u00f3n de aceites grasos es la recogida de aceite de cocina usado. Al contratar un servicio de confianza, se asegura de que su aceite de cocina usado se recoge, transporta y elimina correctamente, de conformidad con la normativa local.<\/p>\n\n\n\n<p>Algunas de las ventajas de utilizar un servicio de este tipo son<\/p>\n\n\n\n<ul class=\"wp-block-list\">\n<li>Programaci\u00f3n c\u00f3moda<\/li>\n\n\n\n<li>Eliminaci\u00f3n respetuosa con el medio ambiente<\/li>\n\n\n\n<li>Cumplimiento de la legislaci\u00f3n local<\/li>\n\n\n\n<li>Recogida limpia y eficaz<\/li>\n<\/ul>\n\n\n\n<h3 class=\"wp-block-heading\">Limpieza y mantenimiento de trampas de grasa<\/h3>\n\n\n\n<p>Adem\u00e1s de la recogida de aceite de cocina usado, los servicios de eliminaci\u00f3n de aceite graso en North Miami tambi\u00e9n ofrecen <em><a href=\"https:\/\/eazygrease.com\/es\/grease-trap\/\" data-type=\"page\" data-id=\"381\">trampa de grasa<\/a> limpieza y mantenimiento<\/em>. Esto es crucial para restaurantes y cocinas comerciales, ya que las trampas de grasa juegan un papel importante en la prevenci\u00f3n de grasas, aceites y grasas (FOG) de entrar en el sistema de alcantarillado. Una trampa de grasa bien mantenida asegura que su cocina siga funcionando y cumpliendo con las regulaciones de la ciudad.<\/p>\n\n\n\n<p>Para proporcionar una limpieza y un mantenimiento excelentes de los colectores de grasa, los servicios profesionales pueden ofrecer:<\/p>\n\n\n\n<ol class=\"wp-block-list\">\n<li>Programas de mantenimiento peri\u00f3dico<\/li>\n\n\n\n<li>Inspecciones y limpieza minuciosas<\/li>\n\n\n\n<li>Documentaci\u00f3n y notificaci\u00f3n de los niveles de grasa<\/li>\n\n\n\n<li>Cumplimiento de las ordenanzas locales<\/li>\n\n\n\n<li>Atenci\u00f3n al cliente r\u00e1pida y eficaz<\/li>\n<\/ol>\n\n\n\n<p>Al utilizar los servicios de eliminaci\u00f3n de aceite graso en North Miami, usted puede confiar en que su cocina comercial o restaurante se gestiona y mantiene adecuadamente, lo que le permite centrarse en servir deliciosas comidas a sus clientes.<\/p>\n\n\n\n<h2 class=\"wp-block-heading\">Nuestro proceso de eliminaci\u00f3n, recogida y reciclaje<\/h2>\n\n\n\n<h3 class=\"wp-block-heading\">Recogida y reciclaje de grasas<\/h3>\n\n\n\n<p>Nuestra <strong>Servicios de eliminaci\u00f3n de grasa y aceite North Miami<\/strong> ofrecen una soluci\u00f3n completa y eficaz para sus necesidades de gesti\u00f3n de grasas. Nuestro proceso comienza programando servicios regulares de recogida de grasas de acuerdo con sus necesidades. Un equipo de t\u00e9cnicos cualificados se desplazar\u00e1 a sus instalaciones para realizar sistem\u00e1ticamente las siguientes tareas <strong>recoger aceite y grasa de cocina usados<\/strong> de las trampas de grasa de sus instalaciones o <a href=\"https:\/\/eazygrease.com\/es\/waste-oil-storage-solutions\/\" data-type=\"page\" data-id=\"80\">contenedores de almacenamiento de aceite<\/a>.<\/p>\n\n\n\n<p>Una vez recogida, la grasa se transporta a nuestras instalaciones de procesamiento, donde se somete a una serie de pasos para convertirse en productos valiosos:<\/p>\n\n\n\n<ol class=\"wp-block-list\">\n<li><strong>Filtrado:<\/strong> La grasa recogida se filtra primero para eliminar cualquier resto de s\u00f3lidos, residuos y otros contaminantes.<\/li>\n\n\n\n<li><strong>Calentamiento y deshidrataci\u00f3n:<\/strong> A continuaci\u00f3n, se calienta y se deshidrata para separar el agua y las impurezas de la grasa.<\/li>\n\n\n\n<li><strong>Refinado:<\/strong> Por \u00faltimo, los materiales procesados se refinan, creando biodi\u00e9sel, piensos y otros productos \u00fatiles.<\/li>\n<\/ol>\n\n\n\n<p>Al reciclar el aceite de cocina usado, nuestros servicios contribuyen a fomentar un <strong>futuro sostenible<\/strong> convirtiendo los residuos en recursos valiosos.<\/p>\n\n\n\n<h3 class=\"wp-block-heading\">M\u00e9todos respetuosos con el medio ambiente<\/h3>\n\n\n\n<p>Como l\u00edder entre <strong>empresas de reciclaje de grasas<\/strong>Utilizamos m\u00e9todos respetuosos con el medio ambiente para nuestros servicios de reciclaje de grasas y aceites. Nuestro compromiso con los m\u00e9todos de eliminaci\u00f3n respetuosos con el medio ambiente promueve una reducci\u00f3n del <strong>huella de carbono<\/strong> y apoya un futuro sostenible para nuestro planeta.<\/p>\n\n\n\n<figure class=\"wp-block-table\"><table><thead><tr><th>Ventajas de nuestro proceso<\/th><th>Descripci\u00f3n<\/th><\/tr><\/thead><tbody><tr><td>Menos emisiones de gases de efecto invernadero<\/td><td>Nuestro proceso de reciclado reduce significativamente la cantidad de gases de efecto invernadero que se habr\u00edan liberado a la atm\u00f3sfera si la grasa se desechara en vertederos.<\/td><\/tr><tr><td>Producci\u00f3n de biodi\u00e9sel<\/td><td>Los aceites refinados pueden utilizarse para crear biodi\u00e9sel de combusti\u00f3n limpia que reduce dr\u00e1sticamente las emisiones de gases de escape en comparaci\u00f3n con el gas\u00f3leo tradicional.<\/td><\/tr><tr><td>Conservaci\u00f3n de recursos<\/td><td>Reciclar grasa ayuda a conservar recursos naturales limitados, como el petr\u00f3leo, lo que reduce nuestra dependencia de los combustibles f\u00f3siles.<\/td><\/tr><\/tbody><\/table><\/figure>\n\n\n\n<p>Al elegir nuestro <strong>Servicios de eliminaci\u00f3n de grasa y aceite North Miami<\/strong>no s\u00f3lo garantiza el cumplimiento de la normativa local, sino que tambi\u00e9n contribuye a mantener un medio ambiente m\u00e1s limpio y sostenible. Juntos podemos allanar el camino hacia un futuro m\u00e1s responsable para nuestras comunidades y el planeta.<\/p>\n\n\n\n<h2 class=\"wp-block-heading\">Instalaci\u00f3n y servicios<\/h2>\n\n\n\n<h3 class=\"wp-block-heading\">Instalaci\u00f3n de contenedores de aceite de cocina<\/h3>\n\n\n\n<p>Cuando se trata de <strong>sistemas de aceite de cocina<\/strong> para su negocio, una instalaci\u00f3n adecuada es crucial. Nuestro equipo evaluar\u00e1 detenidamente sus instalaciones e instalar\u00e1 un contenedor de aceite de cocina adecuado a sus necesidades espec\u00edficas. Esto garantizar\u00e1 que el contenedor se encuentre en una ubicaci\u00f3n ideal, facilit\u00e1ndole la eliminaci\u00f3n eficaz del aceite de cocina. Una colocaci\u00f3n adecuada tambi\u00e9n ayuda a <strong>evitar derrames<\/strong>Mantenga su espacio de trabajo limpio y seguro.<\/p>\n\n\n\n<h3 class=\"wp-block-heading\">Mantenimiento peri\u00f3dico<\/h3>\n\n\n\n<p>Mantener su sistema de aceite de cocina en buenas condiciones de trabajo es esencial para el buen funcionamiento. Nuestros servicios de eliminaci\u00f3n de aceite graso en North Miami incluyen <strong>mantenimiento regular<\/strong> para asegurarnos de que todo funciona de forma \u00f3ptima. Lo haremos:<\/p>\n\n\n\n<ul class=\"wp-block-list\">\n<li>Inspeccionar y limpiar el recipiente de aceite de cocina<\/li>\n\n\n\n<li>Compruebe si hay signos de desgaste<\/li>\n\n\n\n<li>Sustituya las piezas da\u00f1adas<\/li>\n\n\n\n<li>Gestionar las reparaciones necesarias<\/li>\n<\/ul>\n\n\n\n<p>Adem\u00e1s del mantenimiento, nuestros servicios incluyen <strong>recogidas regulares<\/strong> en <strong>intervalos regulares<\/strong> en funci\u00f3n de sus necesidades. De este modo, no tendr\u00e1 que preocuparse por contenedores desbordados y podr\u00e1 estar seguro de que <strong>eliminar adecuadamente<\/strong> de la grasa recogida.<\/p>\n\n\n\n<p>Al elegir nuestros Servicios de Eliminaci\u00f3n de Aceite Graso North Miami, usted puede centrarse en el funcionamiento de su negocio con la confianza de que sus necesidades de eliminaci\u00f3n de aceite de cocina est\u00e1n siendo manejadas de manera eficiente y profesional.<\/p>\n\n\n\n<h2 class=\"wp-block-heading\">Por qu\u00e9 elegir Eazy Grease<\/h2>\n\n\n\n<h3 class=\"wp-block-heading\">Testimonios y casos pr\u00e1cticos<\/h3>\n\n\n\n<p>En Eazy Grease, nos enorgullecemos de ofrecer un servicio de eliminaci\u00f3n de aceite graso de primera clase en North Miami. No se conforme con nuestra palabra. Nuestros numerosos clientes satisfechos han compartido sus experiencias positivas a trav\u00e9s de testimonios, que usted puede revisar en nuestro sitio web. Adem\u00e1s, tenemos una s\u00f3lida cartera de estudios de casos que demuestran el valor que aportamos a empresas como la suya.<\/p>\n\n\n\n<p>Un gran historial de testimonios y estudios de casos demuestra nuestro compromiso con la excelencia y genera confianza entre nuestros clientes. Al elegir Eazy Grease, puede estar seguro de que mantenemos nuestros altos est\u00e1ndares y siempre nos esforzamos por superar sus expectativas.<\/p>\n\n\n\n<h3 class=\"wp-block-heading\">Conformidad y tranquilidad<\/h3>\n\n\n\n<p><strong>Con licencia<\/strong> para operar en North Miami, Eazy Grease asegura que sus necesidades de eliminaci\u00f3n de aceites usados se cumplan con profesionalismo y cumplimiento. Los negocios que no cumplen pueden <strong>se enfrentan a multas<\/strong> por gestionar inadecuadamente la eliminaci\u00f3n de sus residuos. Por eso le ofrecemos los mejores servicios de eliminaci\u00f3n de aceites grasos para que cumpla la normativa y est\u00e9 tranquilo.<\/p>\n\n\n\n<p>Una eliminaci\u00f3n adecuada tambi\u00e9n ayuda a <strong>evitar las grasas y aceites (FOG)<\/strong> de entrar en el sistema de agua de la ciudad. En Eazy Grease, utilizamos los m\u00e9todos m\u00e1s actuales y eficaces para garantizar el cumplimiento de la normativa local. Para asegurar a\u00fan m\u00e1s a nuestros clientes de nuestro compromiso, proporcionamos pruebas documentadas de la eliminaci\u00f3n adecuada. Eazy Grease <strong>datos y estad\u00edsticas<\/strong> demuestran que nuestros m\u00e9todos son seguros y eficaces.<\/p>\n\n\n\n<p>Al elegir Eazy Grease como su proveedor de servicios de eliminaci\u00f3n de aceite de grasa, usted est\u00e1 asegurando una experiencia confiable y en cumplimiento que no s\u00f3lo protege su negocio de multas, sino que tambi\u00e9n contribuye a la salud general del medio ambiente en North Miami.<\/p>\n\n\n\n<h2 class=\"wp-block-heading\">Contacto y programaci\u00f3n del servicio<\/h2>\n\n\n\n<p><strong>Programar un servicio de eliminaci\u00f3n de grasa en North Miami, FL es ahora m\u00e1s f\u00e1cil que nunca.<\/strong> Todo lo que se necesita es una llamada para concertar una cita con un servicio acreditado de Eliminaci\u00f3n de Grasa North Miami. Usted tendr\u00e1 un equipo capacitado y profesional manejando sus necesidades de eliminaci\u00f3n de grasa, asegurando un ambiente limpio y seguro para su establecimiento.<\/p>\n\n\n\n<p>Para empezar, sigue estos pasos:<\/p>\n\n\n\n<ol class=\"wp-block-list\">\n<li><strong>Busque proveedores de servicios de eliminaci\u00f3n de grasas:<\/strong> Busque empresas en North Miami con una s\u00f3lida reputaci\u00f3n y experiencia en la industria de eliminaci\u00f3n de grasa. Lea rese\u00f1as y testimonios para asegurarse de que pueden proporcionarle el servicio de calidad que necesita.<\/li>\n\n\n\n<li><strong>P\u00f3ngase en contacto con el proveedor preferente:<\/strong> P\u00f3ngase en contacto con la empresa que haya elegido y com\u00e9ntele sus necesidades espec\u00edficas y cualquier duda que pueda tener. Deber\u00edan poder responder a todas tus preguntas y ofrecerte informaci\u00f3n clara sobre sus servicios.<\/li>\n\n\n\n<li><strong>Programar una cita de servicio:<\/strong> Una vez que est\u00e9 satisfecho con la empresa que ha elegido, solicite una cita de servicio a una hora que se adapte a su horario. Aseg\u00farese de proporcionarles los detalles necesarios, como el tama\u00f1o y la ubicaci\u00f3n de su trampa de grasa.<\/li>\n<\/ol>\n\n\n\n<figure class=\"wp-block-table\"><table><thead><tr><th>Ubicaci\u00f3n<\/th><th>Direcci\u00f3n<\/th><th>N\u00famero de tel\u00e9fono<\/th><\/tr><\/thead><tbody><tr><td>North Miami, FL<\/td><td>2344 NW 147th St, Opa-locka, FL 33054<\/td><td>(888) 270-0680<\/td><\/tr><\/tbody><\/table><\/figure>\n\n\n\n<p>Recuerde, la eliminaci\u00f3n adecuada de la grasa es esencial para cualquier establecimiento de servicio de alimentos, ya que ayuda a mantener un ambiente higi\u00e9nico y evitar posibles multas y sanciones. Al elegir un servicio profesional y eficiente de Eliminaci\u00f3n de Grasa en North Miami, usted puede asegurarse de que su negocio se mantenga amigable con el medio ambiente y cumpla con las regulaciones locales. As\u00ed que, no lo dude - haga esa llamada y programe su servicio de eliminaci\u00f3n de grasa hoy mismo.<\/p>","protected":false},"excerpt":{"rendered":"<p>Grease Oil Disposal North Miami, FL Services Grease oil disposal is a crucial aspect of maintaining a clean and healthy environment. In North Miami, a city that values the preservation of its beautiful surroundings, many industrial and residential areas generate waste oil. It&#8217;s essential that you understand the importance of proper disposal and the services [&hellip;]<\/p>\n","protected":false},"author":12,"featured_media":0,"parent":0,"menu_order":0,"comment_status":"closed","ping_status":"closed","template":"","meta":{"_acf_changed":false,"footnotes":""},"class_list":["post-1458","page","type-page","status-publish","hentry"],"acf":[],"featured_image_urls":{"full":"","thumbnail":"","medium":"","medium_large":"","large":"","ht-kb-thumb":"","1536x1536":"","2048x2048":"","trp-custom-language-flag":"","web-stories-poster-portrait":"","web-stories-publisher-logo":"","web-stories-thumbnail":""},"post_excerpt_stackable":"<p>Grease Oil Disposal North Miami, FL Services Grease oil disposal is a crucial aspect of maintaining a clean and healthy environment. In North Miami, a city that values the preservation of its beautiful surroundings, many industrial and residential areas generate waste oil. It&#8217;s essential that you understand the importance of proper disposal and the services available to help in this process. In North Miami, grease oil disposal services work to ensure that they handle, transport, and recycle waste oils professionally and safely. These services strive to minimize the potential hazards associated with the improper disposal of grease oil, such as&hellip;<\/p>\n","category_list":"","author_info":{"name":"Artem Kamalov","url":"https:\/\/eazygrease.com\/es\/author\/eazygrease\/"},"comments_num":"0 comments","_links":{"self":[{"href":"https:\/\/eazygrease.com\/es\/wp-json\/wp\/v2\/pages\/1458","targetHints":{"allow":["GET"]}}],"collection":[{"href":"https:\/\/eazygrease.com\/es\/wp-json\/wp\/v2\/pages"}],"about":[{"href":"https:\/\/eazygrease.com\/es\/wp-json\/wp\/v2\/types\/page"}],"author":[{"embeddable":true,"href":"https:\/\/eazygrease.com\/es\/wp-json\/wp\/v2\/users\/12"}],"replies":[{"embeddable":true,"href":"https:\/\/eazygrease.com\/es\/wp-json\/wp\/v2\/comments?post=1458"}],"version-history":[{"count":0,"href":"https:\/\/eazygrease.com\/es\/wp-json\/wp\/v2\/pages\/1458\/revisions"}],"wp:attachment":[{"href":"https:\/\/eazygrease.com\/es\/wp-json\/wp\/v2\/media?parent=1458"}],"curies":[{"name":"wp","href":"https:\/\/api.w.org\/{rel}","templated":true}]}}