{"id":1434,"date":"2024-02-28T18:07:01","date_gmt":"2024-02-28T18:07:01","guid":{"rendered":"https:\/\/eazygrease.com\/?page_id=1434"},"modified":"2024-02-28T18:07:03","modified_gmt":"2024-02-28T18:07:03","slug":"grease-oil-disposal-services-doral","status":"publish","type":"page","link":"https:\/\/eazygrease.com\/es\/grease-oil-disposal-services-doral\/","title":{"rendered":"Servicios de Eliminaci\u00f3n de Aceite Graso Doral, FL"},"content":{"rendered":"<div class=\"wp-block-stackable-heading stk-block-heading stk-block-heading--v2 stk-block stk-5b1f7ff\" id=\"grease-oil-disposal-services-doral-fl\" data-block-id=\"5b1f7ff\"><h1 class=\"stk-block-heading__text\">Servicios de Eliminaci\u00f3n de Aceite Graso Doral, FL<\/h1><\/div>\n\n\n\n<p>La eliminaci\u00f3n de grasas es un aspecto crucial para mantener una cocina limpia y funcional, ya sea en su casa o en su negocio. La eliminaci\u00f3n inadecuada de grasas y aceites puede provocar diversos problemas, como la obstrucci\u00f3n de desag\u00fces, obstrucciones de las tuber\u00edas principales de alcantarillado y contaminaci\u00f3n ambiental. Para evitar estos problemas y asegurar que su cocina funcione sin problemas, es esencial hacer uso de servicios profesionales de eliminaci\u00f3n de grasa en Doral, FL.<\/p>\n\n\n\n<p>Al utilizar los servicios de eliminaci\u00f3n de grasa en Doral, no s\u00f3lo est\u00e1 asegurando una cocina m\u00e1s limpia y eficiente, sino que tambi\u00e9n est\u00e1 contribuyendo a un mejor medio ambiente. Los proveedores de servicios experimentados cumplen con las regulaciones locales y siguen las mejores pr\u00e1cticas al reciclar la grasa recolectada y convertirla en recursos \u00fatiles, como el biodiesel. Adem\u00e1s, estos servicios ayudan a salvaguardar su propiedad contra los costosos da\u00f1os causados por la acumulaci\u00f3n de FOG en sus tuber\u00edas.<\/p>\n\n\n\n<p>El mantenimiento y limpieza regular de las trampas de grasa es un componente cr\u00edtico de las pr\u00e1cticas responsables de eliminaci\u00f3n de grasa. Los proveedores de servicios en Doral, FL, est\u00e1n equipados con las herramientas necesarias y la experiencia para mantener su trampa de grasa funcionando con la m\u00e1xima eficiencia, evitando desbordamientos y malos olores. Al confiar esta tarea vital a los profesionales, usted mantendr\u00e1 un ambiente de cocina libre de problemas e higi\u00e9nico que le beneficia a usted y a todos los que le rodean.<\/p>\n\n\n\n<div class=\"wp-block-stackable-map stk-block-map stk-block stk-21da1e1\" data-block-id=\"21da1e1\"><style>.stk-21da1e1{border-top-left-radius:10px !important;border-top-right-radius:10px !important;border-bottom-right-radius:10px !important;border-bottom-left-radius:10px !important;overflow:hidden !important;box-shadow:0px 2px 20px rgba(153,153,153,0.2) !important}<\/style><iframe\n\t\t\t\t\t\ttitle=\"Contenido incrustado de Google Maps Platform.\"\n\t\t\t\t\t\tsrc=\"https:\/\/maps.google.com\/maps?q=Doral, FL&#038;t=&#038;z=12&#038;ie=UTF8&#038;output=embed\"\n\t\t\t\t\t\tstyle=\"border:0;width:100%;max-width:none;max-height:none;height:100%;\"\n\t\t\t\t\t\taria-hidden=\"false\"\n\t\t\t\t\t\ttabindex=\"0\"\n\t\t\t\t\t\tallowfullscreen\n\t\t\t\t\t\tloading=\"lazy\"\n\t\t\t\t\t\tframeborder=\"0\"\n\t\t\t\t\t><\/iframe><\/div>\n\n\n\n<h2 class=\"wp-block-heading\">Servicios de eliminaci\u00f3n de grasas<\/h2>\n\n\n\n<div class=\"wp-block-stackable-image stk-block-image stk-block stk-5174d5d\" data-block-id=\"5174d5d\"><style>.stk-5174d5d{border-top-left-radius:10px !important;border-top-right-radius:10px !important;border-bottom-right-radius:10px !important;border-bottom-left-radius:10px !important;overflow:hidden !important;box-shadow:0px 2px 20px rgba(153,153,153,0.2) !important}<\/style><figure><span class=\"stk-img-wrapper stk-image--shape-stretch\"><img fetchpriority=\"high\" decoding=\"async\" class=\"stk-img wp-image-934\" src=\"https:\/\/eazygrease.com\/wp-content\/uploads\/2024\/01\/ezgrease-bg.webp\" width=\"900\" height=\"400\" alt=\"logo de eazy grease con fondo de restaurante\" srcset=\"https:\/\/eazygrease.com\/wp-content\/uploads\/2024\/01\/ezgrease-bg.webp 900w, https:\/\/eazygrease.com\/wp-content\/uploads\/2024\/01\/ezgrease-bg-300x133.webp 300w, https:\/\/eazygrease.com\/wp-content\/uploads\/2024\/01\/ezgrease-bg-768x341.webp 768w, https:\/\/eazygrease.com\/wp-content\/uploads\/2024\/01\/ezgrease-bg-50x22.webp 50w, https:\/\/eazygrease.com\/wp-content\/uploads\/2024\/01\/ezgrease-bg-18x8.webp 18w\" sizes=\"(max-width: 900px) 100vw, 900px\" \/><\/span><\/figure><\/div>\n\n\n\n<h3 class=\"wp-block-heading\">Importancia de la eliminaci\u00f3n profesional de grasas<\/h3>\n\n\n\n<p>Adecuado <strong>eliminaci\u00f3n de grasas y aceites<\/strong> es crucial para mantener unas cocinas comerciales limpias y eficientes. Si contrata a una empresa profesional de eliminaci\u00f3n de grasa, se asegurar\u00e1 de que su negocio cumple las normativas locales y federales, al tiempo que mejora la imagen general de su empresa. <strong>medio ambiente<\/strong>. Hay varios proveedores de servicios de eliminaci\u00f3n de grasa en <strong>Doral<\/strong>ciudad situada en el condado de Miami Dade.<\/p>\n\n\n\n<p>Es esencial elegir una empresa fiable y con experiencia. <strong>eliminaci\u00f3n comercial de grasas<\/strong> proveedor. No s\u00f3lo retiran la grasa de sus instalaciones, sino que tambi\u00e9n colaboran con empresas de reciclaje de grasa para gestionar los residuos de forma sostenible. Estos servicios son indispensables para mantener la longevidad de sus equipos, evitar olores desagradables y prevenir incendios causados por la acumulaci\u00f3n de grasa. Recuerde que una gesti\u00f3n adecuada de la grasa demuestra el compromiso de su empresa con la sostenibilidad medioambiental y la seguridad p\u00fablica.<\/p>\n\n\n\n<h3 class=\"wp-block-heading\">Reglamentos y Cumplimiento en Doral, FL<\/h3>\n\n\n\n<p>En <strong>Doral<\/strong> y a trav\u00e9s de <strong>Condado de Miami Dade<\/strong>Las empresas est\u00e1n obligadas a cumplir las directrices establecidas por las autoridades locales para garantizar una eliminaci\u00f3n segura y eficaz de las grasas. Los siguientes puntos destacan aspectos esenciales de esta normativa:<\/p>\n\n\n\n<ol class=\"wp-block-list\">\n<li><strong>Permisos:<\/strong> Su empresa necesita un permiso \"todo incluido\" v\u00e1lido, que incluye un componente de eliminaci\u00f3n de grasas. Este permiso es renovable y debe cumplir sus directrices.<\/li>\n\n\n\n<li><strong>Mantenimiento de colectores de grasa:<\/strong> La instalaci\u00f3n y mantenimiento de trampas de grasa es obligatoria para los negocios que producen residuos cargados de grasa. Aseg\u00farese de que las trampas de grasa se inspeccionan, limpian y mantienen con regularidad.<\/li>\n\n\n\n<li><strong>Mantenimiento de registros:<\/strong> Mantenga un registro detallado de las actividades de mantenimiento de su trampa de grasa. Este registro debe incluir las fechas de servicio, el volumen de grasa eliminada y el nombre del proveedor del servicio.<\/li>\n<\/ol>\n\n\n\n<p>Al cumplir esta normativa, protege a su empresa de posibles multas y sanciones. Adem\u00e1s, demuestra su compromiso con el medio ambiente y la salud p\u00fablica, reforzando su reputaci\u00f3n en la comunidad.<\/p>\n\n\n\n<p>En resumen, comprender <strong>servicios de eliminaci\u00f3n de grasas<\/strong> y los reglamentos que rigen sus operaciones es vital para los propietarios y operadores de negocios en Doral. Invertir en un servicio de eliminaci\u00f3n de grasa competente y de confianza garantiza un entorno de trabajo limpio, seguro y respetuoso con el medio ambiente.<\/p>\n\n\n\n<h2 class=\"wp-block-heading\">Nuestras soluciones para la eliminaci\u00f3n de grasas<\/h2>\n\n\n\n<h3 class=\"wp-block-heading\">Limpieza y mantenimiento de trampas de grasa<\/h3>\n\n\n\n<p><strong>Mantenimiento regular de los sifones de grasa<\/strong> es crucial para garantizar la eficiencia y la longevidad de su <strong>trampas de grasa<\/strong>. Nuestra <em>Limpieza y mantenimiento de trampas de grasa<\/em> garantiza el funcionamiento \u00f3ptimo de sus trampas. Los servicios incluyen:<\/p>\n\n\n\n<ul class=\"wp-block-list\">\n<li>Inspecci\u00f3n de <strong>trampa de grasa<\/strong> componentes<\/li>\n\n\n\n<li>Eliminaci\u00f3n de grasas y residuos acumulados<\/li>\n\n\n\n<li>Limpieza a fondo de los sifones<\/li>\n\n\n\n<li>Inspecci\u00f3n del <strong>sistema de fontaner\u00eda<\/strong> y <strong>fosa s\u00e9ptica<\/strong><\/li>\n<\/ul>\n\n\n\n<p>Limpieza adecuada de <em>trampas de grasa<\/em> ayuda a reducir la <strong>riesgo<\/strong> de costosos <strong>reparaciones<\/strong> y mantiene su sistema funcionando sin problemas.<\/p>\n\n\n\n<h3 class=\"wp-block-heading\">Recogida y reciclaje de aceite de cocina usado<\/h3>\n\n\n\n<p>Gesti\u00f3n de <strong>aceite usado<\/strong> puede ser una molestia. Ofrecemos servicios de recogida y reciclaje de aceite de cocina para facilitarle el proceso. Entre nuestras principales ofertas se incluyen:<\/p>\n\n\n\n<ul class=\"wp-block-list\">\n<li>Recogida programada de su aceite de cocina usado<\/li>\n\n\n\n<li>Soluciones adecuadas de almacenamiento temporal<\/li>\n\n\n\n<li>Reciclaje respetuoso con el medio ambiente del aceite recogido<\/li>\n<\/ul>\n\n\n\n<p>Nuestra <em>Recogida y reciclaje de aceite de cocina usado<\/em> garantizan la correcta eliminaci\u00f3n de sus residuos, protegiendo a su empresa de posibles problemas normativos.<\/p>\n\n\n\n<h3 class=\"wp-block-heading\">Servicios de hidrolavado y limpieza de desag\u00fces<\/h3>\n\n\n\n<p>Los desag\u00fces atascados pueden crear condiciones insalubres e influir negativamente en su salud. <strong>sistema de fontaner\u00eda<\/strong>. Nuestra <em>Servicios de hidrolavado y limpieza de desag\u00fces<\/em> abordar eficazmente estas cuestiones mediante:<\/p>\n\n\n\n<ul class=\"wp-block-list\">\n<li>Chorro de agua a alta presi\u00f3n para desatascar <strong>desag\u00fces<\/strong> y tuber\u00edas<\/li>\n\n\n\n<li>Mantenimiento regular para evitar futuros atascos<\/li>\n\n\n\n<li>Inspecci\u00f3n de <strong>desag\u00fce<\/strong> sistemas e identificaci\u00f3n de riesgos potenciales<\/li>\n<\/ul>\n\n\n\n<p>Puede contar con el hidrochorro y la limpieza de desag\u00fces para mantener sus instalaciones seguras y en funcionamiento eficaz.<\/p>\n\n\n\n<h2 class=\"wp-block-heading\">Por qu\u00e9 elegir Eazy Grease<\/h2>\n\n\n\n<p>Eazy Grease se compromete a proporcionarle los mejores servicios de eliminaci\u00f3n de grasa en Doral, FL. Si usted es due\u00f1o de un restaurante, un hotel, o cualquier otro negocio que produce grasa, usted puede confiar en nuestro equipo de profesionales para mantener de manera eficiente y proteger su establecimiento de olores y problemas relacionados con la grasa.<\/p>\n\n\n\n<h3 class=\"wp-block-heading\">Testimonios de clientes y estudios de casos<\/h3>\n\n\n\n<p>A lo largo de los a\u00f1os, hemos recibido <a href=\"https:\/\/www.google.com\/maps\/place\/Eazy+Grease\/@25.9088375,-80.2383915,15z\/data=!4m2!3m1!1s0x0:0xdf880fd90174db0e?sa=X&amp;ved=2ahUKEwjgtZ__z86EAxXxRDABHYQoBjYQ_BJ6BAg6EAA\" data-type=\"link\" data-id=\"https:\/\/www.google.com\/maps\/place\/Eazy+Grease\/@25.9088375,-80.2383915,15z\/data=!4m2!3m1!1s0x0:0xdf880fd90174db0e?sa=X&amp;ved=2ahUKEwjgtZ__z86EAxXxRDABHYQoBjYQ_BJ6BAg6EAA\" rel=\"nofollow noopener\" target=\"_blank\"><em>numerosos<\/em> testimonios positivos<\/a> de nuestros clientes satisfechos, que dan fe de la calidad de nuestro servicio. \u00c9stas son s\u00f3lo algunas de las razones por las que nuestros clientes siguen confiando en nosotros con sus necesidades de eliminaci\u00f3n de grasa:<\/p>\n\n\n\n<ul class=\"wp-block-list\">\n<li>\u201c<strong>Servicio r\u00e1pido y eficaz<\/strong> Nuestro restaurante necesitaba un servicio de eliminaci\u00f3n de grasa que pudiera cumplir con nuestro exigente horario y Eazy Grease cumpli\u00f3. Ya no nos preocupamos por olores inesperados y trampas de grasa obstruidas\". - Parkside Bistro<\/li>\n\n\n\n<li>\u201c<strong>Personal competente y amable.<\/strong> El equipo de Eazy Grease nos educ\u00f3 sobre el manejo adecuado de la grasa y nos ayud\u00f3 a implementar las mejores pr\u00e1cticas para mantener un establecimiento limpio, en cumplimiento con las normas y seguro.\" - Doral's Finest Diner<\/li>\n<\/ul>\n\n\n\n<p>Adem\u00e1s, los estudios de casos encontrados en varias empresas a trav\u00e9s de Doral, FL, han demostrado mejoras significativas en la limpieza y la reducci\u00f3n de olores despu\u00e9s de elegir Eazy Grease para sus necesidades de eliminaci\u00f3n de grasa. Nuestros clientes pueden dar fe de que estamos dedicados a proporcionar un servicio eficiente y profesional.<\/p>\n\n\n\n<h3 class=\"wp-block-heading\">Datos y estad\u00edsticas: Nuestro impacto<\/h3>\n\n\n\n<p>Para demostrar nuestro impacto, hemos recopilado algunos datos y estad\u00edsticas:<\/p>\n\n\n\n<p>Resultado m\u00e9trico <strong>Clientes atendidos<\/strong> 350+ negocios en Doral, FL <\/p>\n\n\n\n<p><strong>Reducci\u00f3n media de olores<\/strong> 85% <\/p>\n\n\n\n<p><strong>Tasa de conformidad<\/strong> 98%<\/p>\n\n\n\n<p>Estas estad\u00edsticas muestran que al elegir Eazy Grease, usted puede esperar:<\/p>\n\n\n\n<ol class=\"wp-block-list\">\n<li>Una importante <em>reducci\u00f3n de los problemas de olor<\/em>para mejorar la experiencia de sus clientes.<\/li>\n\n\n\n<li><em>Cumplimiento de la normativa local y estatal<\/em> para la eliminaci\u00f3n de grasas, minimizando el riesgo de multas y sanciones<\/li>\n\n\n\n<li>A <em>una red de apoyo m\u00e1s amplia<\/em> de profesionales, garantizando una asistencia oportuna y eficaz cuando sea necesario<\/li>\n<\/ol>\n\n\n\n<p>Con Eazy Grease como su proveedor de servicios de eliminaci\u00f3n de grasa, usted recibir\u00e1 la confianza y la tranquilidad de que su negocio est\u00e1 bien mantenido y protegido.<\/p>\n\n\n\n<p class=\"wp-block-ht-blocks-messages wp-block-hb-message wp-block-hb-message--withicon\">Contacto Eazy Grease la mejor empresa de reciclaje de aceite de cocina en la Florida Hoy o visite nuestras instalaciones para la eliminaci\u00f3n de grasa usada en 2344 NW 147th St, Opa-locka, FL 33054 o por tel\u00e9fono: (888) 509-9094.<br><a href=\"https:\/\/eazygrease.com\/es\/formulario-de-nuevo-cliente\/\"><\/a><\/p>\n\n\n\n<div class=\"wp-block-stackable-button-group stk-block-button-group stk-block stk-9e06d16\" data-block-id=\"9e06d16\"><div class=\"stk-row stk-inner-blocks stk-block-content stk-button-group\">\n<div class=\"wp-block-stackable-button stk-block-button stk-block stk-29aed36\" data-block-id=\"29aed36\"><a class=\"stk-link stk-button stk--hover-effect-darken\" href=\"https:\/\/eazygrease.com\/es\/formulario-de-nuevo-cliente\/\"><span class=\"stk-button__inner-text\"><strong>Programar una recogida gratuita<\/strong><\/span><\/a><\/div>\n<\/div><\/div>","protected":false},"excerpt":{"rendered":"<p>Grease Oil Disposal Services Doral, FL Grease disposal is a crucial aspect of maintaining a clean and functional kitchen, whether it&#8217;s in your home or your business. Improper disposal of fats, oils, and grease (FOG) can lead to various problems, such as clogged drains, main sewer line backups, and environmental pollution. To prevent these issues [&hellip;]<\/p>\n","protected":false},"author":12,"featured_media":0,"parent":0,"menu_order":0,"comment_status":"closed","ping_status":"closed","template":"","meta":{"_acf_changed":false,"footnotes":""},"class_list":["post-1434","page","type-page","status-publish","hentry"],"acf":[],"featured_image_urls":{"full":"","thumbnail":"","medium":"","medium_large":"","large":"","ht-kb-thumb":"","1536x1536":"","2048x2048":"","trp-custom-language-flag":"","web-stories-poster-portrait":"","web-stories-publisher-logo":"","web-stories-thumbnail":""},"post_excerpt_stackable":"<p>Grease Oil Disposal Services Doral, FL Grease disposal is a crucial aspect of maintaining a clean and functional kitchen, whether it&#8217;s in your home or your business. Improper disposal of fats, oils, and grease (FOG) can lead to various problems, such as clogged drains, main sewer line backups, and environmental pollution. To prevent these issues and ensure your kitchen runs smoothly, it&#8217;s essential to make use of professional grease disposal services in Doral, FL. By utilizing grease disposal services in Doral, you&#8217;re not only ensuring a cleaner, more efficient kitchen, but you&#8217;re also contributing to a better environment. Experienced service&hellip;<\/p>\n","category_list":"","author_info":{"name":"Artem Kamalov","url":"https:\/\/eazygrease.com\/es\/author\/eazygrease\/"},"comments_num":"0 comments","_links":{"self":[{"href":"https:\/\/eazygrease.com\/es\/wp-json\/wp\/v2\/pages\/1434","targetHints":{"allow":["GET"]}}],"collection":[{"href":"https:\/\/eazygrease.com\/es\/wp-json\/wp\/v2\/pages"}],"about":[{"href":"https:\/\/eazygrease.com\/es\/wp-json\/wp\/v2\/types\/page"}],"author":[{"embeddable":true,"href":"https:\/\/eazygrease.com\/es\/wp-json\/wp\/v2\/users\/12"}],"replies":[{"embeddable":true,"href":"https:\/\/eazygrease.com\/es\/wp-json\/wp\/v2\/comments?post=1434"}],"version-history":[{"count":0,"href":"https:\/\/eazygrease.com\/es\/wp-json\/wp\/v2\/pages\/1434\/revisions"}],"wp:attachment":[{"href":"https:\/\/eazygrease.com\/es\/wp-json\/wp\/v2\/media?parent=1434"}],"curies":[{"name":"wp","href":"https:\/\/api.w.org\/{rel}","templated":true}]}}