{"id":1418,"date":"2024-02-28T16:37:44","date_gmt":"2024-02-28T16:37:44","guid":{"rendered":"https:\/\/eazygrease.com\/?page_id=1418"},"modified":"2024-02-28T17:24:54","modified_gmt":"2024-02-28T17:24:54","slug":"servicios-de-eliminacion-de-grasas-miami-gardens","status":"publish","type":"page","link":"https:\/\/eazygrease.com\/es\/servicios-de-eliminacion-de-grasas-miami-gardens\/","title":{"rendered":"Servicios de Eliminaci\u00f3n de Grasa Miami Gardens, FL"},"content":{"rendered":"<h1 class=\"wp-block-heading\">Servicios de Eliminaci\u00f3n de Grasa Miami Gardens, FL<\/h1>\n\n\n\n<p>La eliminaci\u00f3n de grasa es una tarea vital para cualquier restaurante o cocina comercial en Miami Gardens, FL. El manejo y desecho adecuado de la grasa ayuda a mantener un ambiente de trabajo limpio, prevenir obstrucciones en su sistema de plomer\u00eda y cumplir con las regulaciones establecidas por las autoridades locales. Usted necesita estar al tanto de las mejores pr\u00e1cticas para <a href=\"https:\/\/eazygrease.com\/es\/mejor-manera-de-deshacerse-del-aceite-de-cocina-miami\/\">eliminaci\u00f3n de grasas y aceites<\/a>as\u00ed como los servicios disponibles para ayudarle a gestionar este proceso, a menudo complicado.<\/p>\n\n\n\n<p>En Miami Gardens, hay profesionales <a href=\"https:\/\/eazygrease.com\/es\/servicios-de-eliminacion-de-grasa-en-florida-eazy-grease\/\">servicios de eliminaci\u00f3n de grasas<\/a> listos para ayudarle en la correcta recogida, transporte y eliminaci\u00f3n de los residuos de grasa. Estos especialistas cuentan con el equipo, la formaci\u00f3n y los permisos necesarios para garantizar que su empresa cumpla las directrices medioambientales estatales y locales. Si recurre a su experiencia, ahorrar\u00e1 tiempo, evitar\u00e1 posibles da\u00f1os a su propiedad y minimizar\u00e1 el impacto medioambiental.<\/p>\n\n\n\n<p>Al considerar los servicios de eliminaci\u00f3n de grasa en Miami Gardens, FL, es esencial evaluar sus necesidades espec\u00edficas e investigar las opciones disponibles. Esto le ayudar\u00e1 a elegir el proveedor adecuado para mantener la limpieza, seguridad y cumplimiento de su negocio. A medida que contin\u00fae leyendo, obtendr\u00e1 informaci\u00f3n sobre los diferentes m\u00e9todos de eliminaci\u00f3n de grasa, consejos para encontrar un proveedor de servicios confiable, y maneras de hacer el proceso lo m\u00e1s f\u00e1cil posible para su establecimiento.<\/p>\n\n\n\n<div class=\"wp-block-stackable-map stk-block-map stk-block stk-e45a4d6\" data-block-id=\"e45a4d6\"><style>.stk-e45a4d6{border-top-left-radius:10px !important;border-top-right-radius:10px !important;border-bottom-right-radius:10px !important;border-bottom-left-radius:10px !important;overflow:hidden !important;box-shadow:0px 2px 20px rgba(153,153,153,0.2) !important}<\/style><iframe\n\t\t\t\t\t\ttitle=\"Contenido incrustado de Google Maps Platform.\"\n\t\t\t\t\t\tsrc=\"https:\/\/maps.google.com\/maps?q=Miami gardens&#038;t=&#038;z=12&#038;ie=UTF8&#038;output=embed\"\n\t\t\t\t\t\tstyle=\"border:0;width:100%;max-width:none;max-height:none;height:100%;\"\n\t\t\t\t\t\taria-hidden=\"false\"\n\t\t\t\t\t\ttabindex=\"0\"\n\t\t\t\t\t\tallowfullscreen\n\t\t\t\t\t\tloading=\"lazy\"\n\t\t\t\t\t\tframeborder=\"0\"\n\t\t\t\t\t><\/iframe><\/div>\n\n\n\n<h2 class=\"wp-block-heading\">Servicios de eliminaci\u00f3n de grasas<\/h2>\n\n\n\n<h3 class=\"wp-block-heading\">La importancia de eliminar correctamente la grasa<\/h3>\n\n\n\n<p>Adecuado <strong>eliminaci\u00f3n de grasas y aceites<\/strong> es esencial para los negocios, especialmente para aquellos que operan cocinas comerciales en Miami Gardens, FL. Al desechar correctamente la grasa usada, usted est\u00e1 protegiendo sus tuber\u00edas, el sistema de alcantarillado de la ciudad y el medio ambiente. Las trampas de grasa juegan un papel vital en contener la grasa y prevenir que entre al sistema de aguas residuales. El mantenimiento regular de estos dispositivos es crucial para asegurar que funcionen eficazmente.<\/p>\n\n\n\n<p>Como empresario, asociarse con un <em>servicio de eliminaci\u00f3n de grasas<\/em> conlleva numerosas ventajas, entre ellas:<\/p>\n\n\n\n<ol class=\"wp-block-list\">\n<li>Prevenci\u00f3n de obstrucciones de tuber\u00edas y desag\u00fces.<\/li>\n\n\n\n<li>Garantizar el cumplimiento de la normativa local en Miami Gardens.<\/li>\n\n\n\n<li>Reducir la contaminaci\u00f3n ambiental reciclando los residuos en productos reutilizables, como biodi\u00e9sel o lubricantes industriales.<\/li>\n<\/ol>\n\n\n\n<h3 class=\"wp-block-heading\">Desaf\u00edos comunes en la eliminaci\u00f3n de grasas<\/h3>\n\n\n\n<p>Si bien es cierto que los beneficios de <strong>eliminaci\u00f3n de grasas usadas<\/strong> es esencial, tambi\u00e9n es crucial reconocer las dificultades que pueden surgir. Algunas de estas dificultades son:<\/p>\n\n\n\n<ul class=\"wp-block-list\">\n<li><strong>Escaso mantenimiento de los colectores de grasa:<\/strong> No limpiar sus trampas de grasa con regularidad puede resultar en una reducci\u00f3n de la eficiencia y aumentar las posibilidades de obstrucciones en sus tuber\u00edas. Trabaje con un servicio confiable de eliminaci\u00f3n de grasa para programar y realizar el mantenimiento de rutina tambi\u00e9n ofrecemos un servicio de limpieza de trampas de grasa.<\/li>\n\n\n\n<li><strong>Falta de conocimientos del personal:<\/strong> Es esencial formar a su personal sobre los procedimientos adecuados para eliminar la grasa. Ens\u00e9\u00f1eles c\u00f3mo manejar los residuos de grasa y aceite, as\u00ed como la importancia de mantener las trampas de grasa.<\/li>\n\n\n\n<li><strong>M\u00e9todos de eliminaci\u00f3n no conformes:<\/strong> Aseg\u00farese de que sus pr\u00e1cticas de eliminaci\u00f3n de grasa usada se ajustan a la normativa local y regional en Miami Gardens. El no hacerlo puede dar lugar a sanciones y multas.<\/li>\n<\/ul>\n\n\n\n<h2 class=\"wp-block-heading\">Nuestras soluciones integrales de eliminaci\u00f3n de grasas<\/h2>\n\n\n\n<h3 class=\"wp-block-heading\">Limpieza y mantenimiento de trampas de grasa<\/h3>\n\n\n\n<p>Elegir un <strong>empresa de eliminaci\u00f3n de grasas<\/strong> es esencial para su empresa. Nuestro equipo en <strong>Miami Gardens, FL<\/strong> se dedica a proporcionarle los mejores <strong>limpieza de colectores de grasa<\/strong> y servicios de mantenimiento, adem\u00e1s proporcionamos contenedores de aceite de cocina gratis. Nuestros t\u00e9cnicos tienen experiencia, son profesionales y est\u00e1n atentos a sus necesidades. Nos encargamos de todo el proceso, desde la inspecci\u00f3n de sus trampas de grasa hasta la eliminaci\u00f3n de los residuos de forma r\u00e1pida y eficiente. Al confiarnos la limpieza de sus trampas de grasa, puede reducir el riesgo de costosas reparaciones y mantener un entorno de cocina limpio y eficiente.<\/p>\n\n\n\n<h3 class=\"wp-block-heading\">Recogida y reciclaje de aceite de cocina usado para empresas de restauraci\u00f3n<\/h3>\n\n\n\n<p>Nuestra <strong>empresas de recogida de grasas<\/strong> tambi\u00e9n son l\u00edderes en <strong>recogida de aceite de cocina usado<\/strong> y reciclaje. Somos conscientes de la importancia de eliminar los residuos de forma responsable, y por eso ofrecemos soluciones ecol\u00f3gicas para su empresa. Recogemos y reciclamos su aceite de cocina usado, ayud\u00e1ndole a minimizar su impacto medioambiental a la vez que cumple la normativa local. Al asociarse con nosotros para su <strong>reciclaje de aceite de cocina<\/strong> puede estar seguro de que su aceite usado se gestionar\u00e1 de forma responsable y profesional.<\/p>\n\n\n\n<h3 class=\"wp-block-heading\">Planes de servicio y mantenimiento peri\u00f3dicos<\/h3>\n\n\n\n<p>Para que su cocina funcione a la perfecci\u00f3n, nuestros <strong>empresas de reciclaje de grasas<\/strong> ofrecen planes de servicio y mantenimiento peri\u00f3dicos adaptados a sus necesidades espec\u00edficas. Nuestros planes incluyen:<\/p>\n\n\n\n<ul class=\"wp-block-list\">\n<li>Inspecciones rutinarias de sus trampas de grasa y sistemas de recogida<\/li>\n\n\n\n<li>Limpieza y mantenimiento programados para evitar atascos y mantener la eficacia<\/li>\n\n\n\n<li>Recogida y reciclado puntuales de aceite de cocina usado<\/li>\n\n\n\n<li>Asesoramiento y orientaci\u00f3n de expertos sobre las mejores pr\u00e1cticas de gesti\u00f3n de grasas<\/li>\n<\/ul>\n\n\n\n<h2 class=\"wp-block-heading\">Por qu\u00e9 elegir Eazy Grease Services<\/h2>\n\n\n\n<figure class=\"wp-block-image\"><img decoding=\"async\" src=\"https:\/\/eazygrease.com\/wp-content\/uploads\/2024\/01\/ezgrease-bg.webp\" alt=\"logo de eazy grease con fondo de restaurante\"\/><\/figure>\n\n\n\n<h3 class=\"wp-block-heading\">Conocimientos y experiencia en Miami Gardens<\/h3>\n\n\n\n<p>En <a href=\"https:\/\/eazygrease.com\/es\/servicios-de-eliminacion-de-grasa-en-florida-eazy-grease\/\">Servicios Eazy Grease<\/a>traemos <strong>a\u00f1os de experiencia<\/strong> y <strong>experiencia<\/strong> en eliminaci\u00f3n de grasa en Miami Gardens. Nuestro equipo tiene un profundo conocimiento de los requisitos \u00fanicos para la eliminaci\u00f3n de grasa comercial en esta \u00e1rea, garantizando as\u00ed un servicio de primera categor\u00eda. Hemos completado con \u00e9xito numerosos <strong>casos pr\u00e1cticos<\/strong> y recibi\u00f3 elogiosas <strong>testimonios<\/strong> que hablan de nuestra competencia y profesionalidad. Adem\u00e1s, nuestros servicios en Miami est\u00e1n respaldados por s\u00f3lidos <strong>datos y estad\u00edsticas<\/strong> demostrando nuestra eficacia en el mantenimiento de colectores de grasa.<\/p>\n\n\n\n<h3 class=\"wp-block-heading\">Servicio personalizado para cada cliente<\/h3>\n\n\n\n<p>Entendemos que cada empresa tiene sus propias necesidades, y nos comprometemos a proporcionarle <strong>personalizado <\/strong>servicios de reciclaje de aceite de cocina adaptados a sus necesidades espec\u00edficas. Nuestros profesionales de Eazy Grease Services evaluar\u00e1n sus necesidades de eliminaci\u00f3n de grasa y le ofrecer\u00e1n un plan personalizado para gestionar sus residuos de grasa comerciales. Ya sea que requiera un servicio de una sola vez o un mantenimiento regular de la trampa de grasa, lo tenemos cubierto, con <em>s\u00f3lo una llamada<\/em>!<\/p>\n\n\n\n<ul class=\"wp-block-list\">\n<li><em>Limpieza \u00fanica de colectores de grasa<\/em><\/li>\n\n\n\n<li><em>Mantenimiento y revisiones peri\u00f3dicas<\/em><\/li>\n\n\n\n<li><em>Servicios urgentes de eliminaci\u00f3n de grasas<\/em><\/li>\n<\/ul>\n\n\n\n<h3 class=\"wp-block-heading\">Nuestro compromiso con la satisfacci\u00f3n del cliente<\/h3>\n\n\n\n<p>Nuestros clientes son nuestra m\u00e1xima prioridad, y vamos m\u00e1s all\u00e1 para garantizar su completa satisfacci\u00f3n durante todo el proceso. Desde la consulta inicial hasta la eliminaci\u00f3n final de sus residuos, nos esforzamos para que cada interacci\u00f3n con Eazy Grease Services sea una experiencia positiva. Estamos orgullosos de mostrar los numerosos <strong>testimonios<\/strong> de nuestros clientes satisfechos, que han confiado en nosotros para sus necesidades de eliminaci\u00f3n de grasas.<\/p>\n\n\n\n<p><strong>Testimonios de clientesNuestros servicios<\/strong><em>Servicio de alta calidad<\/em>Grasa Aceite Eliminaci\u00f3n Miami Gardens<em>Personal fiable y profesional<\/em>Eliminaci\u00f3n comercial de grasas<em>Mantenimiento puntual y eficaz de los separadores de grasas<\/em>Mantenimiento de las trampas de grasa<\/p>\n\n\n\n<h2 class=\"wp-block-heading\">Primeros pasos con Eazy Grease<\/h2>\n\n\n\n<p><strong>Grasa Eazy<\/strong> es una empresa de reciclaje de grasa de primera clase con lo \u00faltimo en sistemas de aceite de cocina en Miami Gardens, FL, especializada en <a href=\"https:\/\/eazygrease.com\/es\/recogida-de-aceite-de-cocina-usado\/\">recogida y reciclado de aceite de cocina usado<\/a>. Ofrecen servicios fiables y eficaces de eliminaci\u00f3n de grasa para facilitarle la eliminaci\u00f3n responsable del aceite de cocina usado y los residuos alimentarios.<\/p>\n\n\n\n<p>Para empezar a utilizar los servicios de Eazy Grease para el reciclaje de aceite de cocina usado, s\u00f3lo tiene que seguir estos pasos:<\/p>\n\n\n\n<ol class=\"wp-block-list\">\n<li><strong>Contacto Eazy Grease<\/strong>: P\u00f3ngase en contacto con la empresa a trav\u00e9s de su p\u00e1gina web o n\u00famero de tel\u00e9fono para hablar de sus necesidades de eliminaci\u00f3n de grasa y programar su primera recogida de aceite de cocina.<\/li>\n\n\n\n<li><strong>Establecer un plan de servicio<\/strong>: Trabaje con el personal experto de Eazy Grease para establecer un plan de servicio regular adaptado a sus necesidades. Esto asegurar\u00e1 la eliminaci\u00f3n oportuna y consistente de su aceite de cocina usado y otros residuos de alimentos.<\/li>\n\n\n\n<li><strong>Prepare el aceite usado y los restos de comida<\/strong>: Guarde su aceite de cocina usado en un contenedor seguro suministrado por Eazy Grease. Aseg\u00farese de que sea f\u00e1cilmente accesible para el equipo de eliminaci\u00f3n de grasa durante la recogida.<\/li>\n\n\n\n<li><strong>Recogida de aceite de freidora<\/strong>: El equipo de profesionales de Eazy Grease acudir\u00e1 a su establecimiento en un horario predeterminado para retirar el aceite de cocina usado y los restos de comida, garantizando un entorno de cocina limpio y seguro.<\/li>\n<\/ol>\n\n\n\n<p>Los restaurantes pueden disfrutar de las ventajas de trabajar con Eazy Grease:<\/p>\n\n\n\n<ul class=\"wp-block-list\">\n<li><em>Servicios fiables y ecol\u00f3gicos<\/em>: Eazy Grease utiliza equipos de \u00faltima generaci\u00f3n para reciclar el aceite de cocina usado y convertirlo en biodi\u00e9sel, reduciendo as\u00ed su huella de carbono.<\/li>\n\n\n\n<li><em>Horario flexible<\/em>: Eazy Grease ofrece c\u00f3modos horarios de recogida que se adaptan a las necesidades de su negocio, desde servicios diarios a semanales, o incluso mensuales.<\/li>\n\n\n\n<li><em>Precios transparentes<\/em>: Con Eazy Grease, puede esperar un modelo de precios claro, sin cargos ocultos ni costes sorpresa.<\/li>\n\n\n\n<li><em>Asistencia experta<\/em>: El equipo de Eazy Grease no s\u00f3lo es experto en <a href=\"https:\/\/eazygrease.com\/es\/reciclaje-de-aceite-de-cocina-cerca-de-miami\/\">reciclaje de grasas<\/a> pero tambi\u00e9n est\u00e1 dispuesta a ofrecer orientaci\u00f3n y apoyo sobre las mejores pr\u00e1cticas para la manipulaci\u00f3n y el almacenamiento del aceite usado y los residuos alimentarios en sus instalaciones.<\/li>\n<\/ul>\n\n\n\n<p>Contacto Eazy Grease la mejor empresa de reciclaje de aceite de cocina en la Florida Hoy o visite nuestras instalaciones para la eliminaci\u00f3n de grasa usada en 2344 NW 147th St, Opa-locka, FL 33054 o por tel\u00e9fono: (888) 509-9094.<\/p>\n\n\n\n<div class=\"wp-block-stackable-button-group stk-block-button-group stk-block stk-866e1be\" data-block-id=\"866e1be\"><div class=\"stk-row stk-inner-blocks stk-block-content stk-button-group\">\n<div class=\"wp-block-stackable-button stk-block-button stk-block stk-2ccce75\" data-block-id=\"2ccce75\"><a class=\"stk-link stk-button stk--hover-effect-darken\" href=\"https:\/\/eazygrease.com\/es\/formulario-de-nuevo-cliente\/\"><span class=\"stk-button__inner-text\"><strong>Programe hoy mismo una recogida gratuita<\/strong><\/span><\/a><\/div>\n<\/div><\/div>","protected":false},"excerpt":{"rendered":"<p>Grease Disposal Services Miami Gardens, FL Grease disposal is a vital task for any restaurant or commercial kitchen in Miami Gardens, FL. Proper handling and disposal of grease helps maintain a clean working environment, prevent blockages in your plumbing system, and abide by the regulations set by local authorities. You need to be aware of [&hellip;]<\/p>\n","protected":false},"author":12,"featured_media":0,"parent":0,"menu_order":0,"comment_status":"closed","ping_status":"closed","template":"","meta":{"_acf_changed":false,"footnotes":""},"class_list":["post-1418","page","type-page","status-publish","hentry"],"acf":[],"featured_image_urls":{"full":"","thumbnail":"","medium":"","medium_large":"","large":"","ht-kb-thumb":"","1536x1536":"","2048x2048":"","trp-custom-language-flag":"","web-stories-poster-portrait":"","web-stories-publisher-logo":"","web-stories-thumbnail":""},"post_excerpt_stackable":"<p>Grease Disposal Services Miami Gardens, FL Grease disposal is a vital task for any restaurant or commercial kitchen in Miami Gardens, FL. Proper handling and disposal of grease helps maintain a clean working environment, prevent blockages in your plumbing system, and abide by the regulations set by local authorities. You need to be aware of the best practices for disposing of fats, oils, and grease, as well as the services available to help you manage this often-messy process. In Miami Gardens, there are professional grease disposal services ready to assist you in the proper collection, transportation, and disposal of grease&hellip;<\/p>\n","category_list":"","author_info":{"name":"Artem Kamalov","url":"https:\/\/eazygrease.com\/es\/author\/eazygrease\/"},"comments_num":"0 comments","_links":{"self":[{"href":"https:\/\/eazygrease.com\/es\/wp-json\/wp\/v2\/pages\/1418","targetHints":{"allow":["GET"]}}],"collection":[{"href":"https:\/\/eazygrease.com\/es\/wp-json\/wp\/v2\/pages"}],"about":[{"href":"https:\/\/eazygrease.com\/es\/wp-json\/wp\/v2\/types\/page"}],"author":[{"embeddable":true,"href":"https:\/\/eazygrease.com\/es\/wp-json\/wp\/v2\/users\/12"}],"replies":[{"embeddable":true,"href":"https:\/\/eazygrease.com\/es\/wp-json\/wp\/v2\/comments?post=1418"}],"version-history":[{"count":0,"href":"https:\/\/eazygrease.com\/es\/wp-json\/wp\/v2\/pages\/1418\/revisions"}],"wp:attachment":[{"href":"https:\/\/eazygrease.com\/es\/wp-json\/wp\/v2\/media?parent=1418"}],"curies":[{"name":"wp","href":"https:\/\/api.w.org\/{rel}","templated":true}]}}