{"id":1396,"date":"2024-02-26T21:22:05","date_gmt":"2024-02-26T21:22:05","guid":{"rendered":"https:\/\/eazygrease.com\/?page_id=1396"},"modified":"2024-02-26T22:20:41","modified_gmt":"2024-02-26T22:20:41","slug":"recogida-de-aceite-usado-servicios-de-recogida-kendall","status":"publish","type":"page","link":"https:\/\/eazygrease.com\/es\/recogida-de-aceite-usado-servicios-de-recogida-kendall\/","title":{"rendered":"Servicios de Recogida y Eliminaci\u00f3n de Aceite Usado Kendall, FL"},"content":{"rendered":"<h1 class=\"wp-block-heading\">Servicios de Recogida y Eliminaci\u00f3n de Aceite Usado Kendall, FL<\/h1>\n\n\n\n<p>La eliminaci\u00f3n adecuada del aceite usado es esencial para el bienestar del medio ambiente y la salud p\u00fablica. Con los servicios de recogida y eliminaci\u00f3n de aceite usado en Kendall, FL, puede asegurarse de que su aceite usado se elimine de forma responsable y respetuosa con el medio ambiente. Al contar con la ayuda de profesionales, usted est\u00e1 desempe\u00f1ando un papel vital en la prevenci\u00f3n de la contaminaci\u00f3n y la conservaci\u00f3n de valiosos recursos.<\/p>\n\n\n\n<p>En Kendall, FL, los servicios de recogida y eliminaci\u00f3n de aceite usado atienden tanto a clientes residenciales como comerciales. Estos servicios garantizan que su aceite usado sea recogido y transportado de forma segura de acuerdo con las regulaciones federales, estatales y locales. Los profesionales altamente cualificados que trabajan en esta industria est\u00e1n equipados con la experiencia y las herramientas necesarias para manejar sus necesidades de eliminaci\u00f3n de aceite usado con eficacia.<\/p>\n\n\n\n<p>Tanto si dirige un taller de reparaci\u00f3n de veh\u00edculos como si realiza el mantenimiento rutinario de sus propios veh\u00edculos en casa, aseg\u00farese de confiar en los acreditados servicios de recogida y eliminaci\u00f3n de aceite usado de Kendall, FL. Al hacerlo, estar\u00e1 contribuyendo a un medio ambiente m\u00e1s limpio y protegiendo la salud de la comunidad, al tiempo que se adhiere a las directrices adecuadas de eliminaci\u00f3n de residuos.<\/p>\n\n\n\n<h2 class=\"wp-block-heading\">Nuestro proceso de recogida de aceite usado<\/h2>\n\n\n\n<div class=\"wp-block-stackable-map stk-block-map stk-block stk-db30c04\" data-block-id=\"db30c04\"><style>.stk-db30c04{border-top-left-radius:10px !important;border-top-right-radius:10px !important;border-bottom-right-radius:10px !important;border-bottom-left-radius:10px !important;overflow:hidden !important;box-shadow:0px 2px 20px rgba(153,153,153,0.2) !important}<\/style><iframe\n\t\t\t\t\t\ttitle=\"Contenido incrustado de Google Maps Platform.\"\n\t\t\t\t\t\tsrc=\"https:\/\/maps.google.com\/maps?q=kendall, fl&#038;t=&#038;z=12&#038;ie=UTF8&#038;output=embed\"\n\t\t\t\t\t\tstyle=\"border:0;width:100%;max-width:none;max-height:none;height:100%;\"\n\t\t\t\t\t\taria-hidden=\"false\"\n\t\t\t\t\t\ttabindex=\"0\"\n\t\t\t\t\t\tallowfullscreen\n\t\t\t\t\t\tloading=\"lazy\"\n\t\t\t\t\t\tframeborder=\"0\"\n\t\t\t\t\t><\/iframe><\/div>\n\n\n\n<h3 class=\"wp-block-heading\">Programar la recogida de aceite<\/h3>\n\n\n\n<p><strong>Programar una recogida de aceite usado<\/strong> es un proceso f\u00e1cil y eficaz con nuestro <strong>Servicio de recogida de aceite<\/strong>. S\u00f3lo tiene que ponerse en contacto con nosotros y facilitarnos la informaci\u00f3n necesaria, como su ubicaci\u00f3n y la cantidad aproximada de aceite usado. Nuestro equipo est\u00e1 a su disposici\u00f3n para ayudarle, y trabajaremos con usted para encontrar una hora conveniente que se adapte a las operaciones de su negocio. Una vez confirmada la cita, puede confiar en que nuestro equipo llegar\u00e1 a tiempo y realizar\u00e1 el trabajo de forma eficiente.<\/p>\n\n\n\n<h3 class=\"wp-block-heading\">Preparaci\u00f3n del aceite para la recogida<\/h3>\n\n\n\n<p>Antes de que llegue nuestro equipo, aseg\u00farese de preparar adecuadamente su aceite usado para la recogida siguiendo estos pasos:<\/p>\n\n\n\n<ol class=\"wp-block-list\">\n<li><em>Comprueba el aceite:<\/em> Aseg\u00farese de que el aceite usado de la freidora u otro aceite usado se haya enfriado y sea seguro manipularlo.<\/li>\n\n\n\n<li><em>Re\u00fana todos los contenedores:<\/em> Recoja los recipientes m\u00e1s peque\u00f1os de aceite usado en un recipiente m\u00e1s grande y de f\u00e1cil acceso.<\/li>\n\n\n\n<li><em>Precinto y etiqueta:<\/em> Cierre bien el recipiente y etiqu\u00e9telo con el tipo de aceite y la fecha del \u00faltimo uso.<\/li>\n\n\n\n<li><em>Accesibilidad:<\/em> Coloque el contenedor en una zona a la que nuestro equipo de servicio pueda acceder f\u00e1cilmente y recogerlo.<\/li>\n<\/ol>\n\n\n\n<p>Siguiendo correctamente estas directrices, nuestro equipo podr\u00e1 retirar de forma r\u00e1pida y segura su aceite usado, permiti\u00e9ndole centrarse en su negocio. Nuestro <strong>servicios de recogida de aceite usado<\/strong> y <strong>eliminaci\u00f3n de aceite de freidora<\/strong> garantizan una manipulaci\u00f3n responsable con el medio ambiente, asegurando que su aceite usado no suponga ninguna amenaza para el medio ambiente ni cause contaminaci\u00f3n. Conf\u00ede en nuestro equipo experto y seguro para gestionar su recogida de aceite usado con la m\u00e1xima profesionalidad y eficiencia.<\/p>\n\n\n\n<h2 class=\"wp-block-heading\">Por qu\u00e9 elegir Eazy Grease Disposal Services<\/h2>\n\n\n\n<h3 class=\"wp-block-heading\">Comodidad para las empresas comerciales<\/h3>\n\n\n\n<p><strong>Servicios de eliminaci\u00f3n de grasa Eazy<\/strong> entiende los retos a los que se enfrentan las empresas a la hora de gestionar el aceite de cocina usado. Por eso, nuestra <em>servicios de recogida y eliminaci\u00f3n de aceite usado<\/em> en Kendall, FL, est\u00e1n dise\u00f1ados pensando en sus necesidades. Con nosotros, usted puede esperar:<\/p>\n\n\n\n<ul class=\"wp-block-list\">\n<li><strong>Programaci\u00f3n sencilla<\/strong>: P\u00f3ngase en contacto con nosotros y organizaremos la recogida a una hora conveniente para su empresa.<\/li>\n\n\n\n<li><strong>Servicio fiable<\/strong>: Nuestro equipo est\u00e1 comprometido con la puntualidad y la conducta profesional, garantizando una eliminaci\u00f3n fluida y eficaz sin ninguna interrupci\u00f3n de las operaciones de su empresa.<\/li>\n\n\n\n<li><strong>Ahorrar tiempo y recursos<\/strong>: Por confianza <em>Eazy <\/em><a href=\"https:\/\/eazygrease.com\/es\/grease-disposal-services-kendall-fl\/\" data-type=\"page\" data-id=\"1392\"><em>Servicios de eliminaci\u00f3n de grasas<\/em>,<\/a> puede centrarse en las actividades principales de su empresa, mientras nosotros nos ocupamos de la eliminaci\u00f3n de la grasa.<\/li>\n<\/ul>\n\n\n\n<h3 class=\"wp-block-heading\">Compromiso con la seguridad medioambiental<\/h3>\n\n\n\n<p>Damos la m\u00e1xima importancia a <em>seguridad medioambiental<\/em>y, por tanto, siguen unas directrices estrictas para la eliminaci\u00f3n del aceite de cocina usado cerca de usted:<\/p>\n\n\n\n<ol class=\"wp-block-list\">\n<li><strong>Recogida y eliminaci\u00f3n<\/strong>: Contenemos y manipulamos adecuadamente el aceite de cocina usado para evitar derrames, garantizando un entorno de trabajo limpio para su empresa.<\/li>\n\n\n\n<li><strong>Servicios de reciclaje<\/strong>: Eazy Grease Disposal Services se dedica a convertir el aceite de cocina usado en fuentes de energ\u00eda renovables, como los biocombustibles, reduciendo el impacto medioambiental.<\/li>\n\n\n\n<li><strong>Conformidad<\/strong>: Nuestros t\u00e9cnicos autorizados y certificados cumplen todas las leyes y normativas federales, estatales y locales para la correcta eliminaci\u00f3n y reciclaje de la grasa.<\/li>\n<\/ol>\n\n\n\n<p>Al elegir nuestros servicios, su negocio toma un enfoque proactivo en la protecci\u00f3n de nuestro medio ambiente y la conservaci\u00f3n de valiosos recursos. Conf\u00ede en Eazy Grease Disposal Services en Kendall, FL, para soluciones de eliminaci\u00f3n de grasa convenientes, confiables y ambientalmente responsables.<\/p>\n\n\n\n<h2 class=\"wp-block-heading\">Qu\u00e9 hacemos con el aceite recogido<\/h2>\n\n\n\n<div class=\"wp-block-stackable-image stk-block-image stk-block stk-d8f55f7\" data-block-id=\"d8f55f7\"><style>.stk-d8f55f7{border-top-left-radius:10px !important;border-top-right-radius:10px !important;border-bottom-right-radius:10px !important;border-bottom-left-radius:10px !important;overflow:hidden !important;box-shadow:0px 2px 20px rgba(153,153,153,0.2) !important}<\/style><figure><span class=\"stk-img-wrapper stk-image--shape-stretch\"><img fetchpriority=\"high\" decoding=\"async\" class=\"stk-img wp-image-934\" src=\"https:\/\/eazygrease.com\/wp-content\/uploads\/2024\/01\/ezgrease-bg.webp\" width=\"900\" height=\"400\" alt=\"logo de eazy grease con fondo de restaurante\" srcset=\"https:\/\/eazygrease.com\/wp-content\/uploads\/2024\/01\/ezgrease-bg.webp 900w, https:\/\/eazygrease.com\/wp-content\/uploads\/2024\/01\/ezgrease-bg-300x133.webp 300w, https:\/\/eazygrease.com\/wp-content\/uploads\/2024\/01\/ezgrease-bg-768x341.webp 768w, https:\/\/eazygrease.com\/wp-content\/uploads\/2024\/01\/ezgrease-bg-50x22.webp 50w, https:\/\/eazygrease.com\/wp-content\/uploads\/2024\/01\/ezgrease-bg-18x8.webp 18w\" sizes=\"(max-width: 900px) 100vw, 900px\" \/><\/span><\/figure><\/div>\n\n\n\n<h3 class=\"wp-block-heading\">Reciclaje y reutilizaci\u00f3n del aceite de cocina usado<\/h3>\n\n\n\n<p>Cuando usted elige nuestros Servicios de Recolecci\u00f3n y Eliminaci\u00f3n de Aceite Usado en Kendall, FL, puede estar seguro de que su aceite de cocina usado tendr\u00e1 una segunda vida. Al reciclar y reutilizar el aceite recogido, contribuimos a un medio ambiente m\u00e1s sostenible. Nuestro proceso comienza con la eliminaci\u00f3n de impurezas como part\u00edculas de alimentos y agua, produciendo aceite limpio y refinado.<\/p>\n\n\n\n<p>A continuaci\u00f3n, el aceite refinado puede transformarse en diversos productos, como:<\/p>\n\n\n\n<ul class=\"wp-block-list\">\n<li><strong>Biodi\u00e9sel:<\/strong> Un combustible renovable que puede propulsar veh\u00edculos y reducir las emisiones de gases de efecto invernadero.<\/li>\n\n\n\n<li><strong>Alimentaci\u00f3n animal:<\/strong> El aceite reciclado es rico en nutrientes y puede incorporarse a la alimentaci\u00f3n animal.<\/li>\n\n\n\n<li><strong>Lubricantes industriales:<\/strong> El aceite de cocina usado puede procesarse para crear lubricantes para maquinaria y equipos.<\/li>\n<\/ul>\n\n\n\n<h3 class=\"wp-block-heading\">Garantizar una eliminaci\u00f3n adecuada<\/h3>\n\n\n\n<p>Nuestros Servicios de Recolecci\u00f3n y Eliminaci\u00f3n de Aceite Usado en Kendall, FL, tambi\u00e9n manejan responsablemente los desechos generados durante el proceso de limpieza y refinaci\u00f3n. Seguimos todas las regulaciones aplicables y las normas de la industria para asegurar la eliminaci\u00f3n adecuada, la protecci\u00f3n del medio ambiente y la prevenci\u00f3n de la contaminaci\u00f3n.<\/p>\n\n\n\n<p>Entre los aspectos clave de nuestros m\u00e9todos de eliminaci\u00f3n adecuados se incluyen:<\/p>\n\n\n\n<ul class=\"wp-block-list\">\n<li><strong>Tratamiento de aguas residuales:<\/strong> El agua extra\u00edda del aceite usado pasa por un tratamiento antes de ser devuelta al sistema de aguas.<\/li>\n\n\n\n<li><strong>Gesti\u00f3n de residuos s\u00f3lidos:<\/strong> Las impurezas, como las part\u00edculas de alimentos, se recogen y eliminan siguiendo las directrices locales de gesti\u00f3n de residuos.<\/li>\n\n\n\n<li><strong>Cumplimiento de leyes y reglamentos:<\/strong> Cumplimos las leyes federales, estatales y locales relativas a la manipulaci\u00f3n y eliminaci\u00f3n de residuos.<\/li>\n<\/ul>\n\n\n\n<p>Al confiarnos sus necesidades de eliminaci\u00f3n de aceite de cocina usado, no s\u00f3lo recibir\u00e1 un servicio fiable y eficaz, sino que tambi\u00e9n tendr\u00e1 un impacto positivo en el medio ambiente al contribuir a los esfuerzos de reciclaje y gesti\u00f3n responsable de residuos.<\/p>\n\n\n\n<h2 class=\"wp-block-heading\">Testimonios de clientes y estudios de casos<\/h2>\n\n\n\n<p>Mientras explora la eficacia de los Servicios de Recogida y Eliminaci\u00f3n de Aceite Usado en Kendall, FL, examinando <strong>testimonios de clientes<\/strong> y <strong>casos pr\u00e1cticos<\/strong> proporciona informaci\u00f3n valiosa. Estas fuentes revelan un impacto significativo en las empresas y el medio ambiente a trav\u00e9s de la gesti\u00f3n responsable del aceite usado.<\/p>\n\n\n\n<p>En primer lugar, un <strong>testimonio<\/strong> de un taller de reparaci\u00f3n de autom\u00f3viles de Kendall alaba la eficacia y profesionalidad del servicio de recogida de aceite usado. El propietario del taller escribe:<\/p>\n\n\n\n<blockquote class=\"wp-block-quote is-layout-flow wp-block-quote-is-layout-flow\">\n<p><em>\"Llevamos m\u00e1s de un a\u00f1o utilizando este servicio y nuestra eliminaci\u00f3n de aceite usado nunca ha sido tan f\u00e1cil. El equipo siempre llega a tiempo y ofrece un excelente servicio al cliente. Podemos centrarnos en nuestros clientes y en nuestro negocio sin preocuparnos de la eliminaci\u00f3n del aceite.\"<\/em><\/p>\n<\/blockquote>\n\n\n\n<p>Este testimonio destaca la puntualidad y dedicaci\u00f3n del servicio, que garantiza que las empresas puedan concentrarse en sus operaciones principales.<\/p>\n\n\n\n<p>Un reciente <strong>estudio monogr\u00e1fico<\/strong> apoya este testimonio. Un informe independiente demostr\u00f3 que el servicio de recogida y recogida de aceite usado:<\/p>\n\n\n\n<ol class=\"wp-block-list\">\n<li>Reducci\u00f3n del tiempo dedicado por los clientes a la eliminaci\u00f3n del petr\u00f3leo en <strong>70%<\/strong><\/li>\n\n\n\n<li>Reducci\u00f3n del volumen anual de aceite desechado incorrectamente en <strong>5000 galones<\/strong><\/li>\n\n\n\n<li>Mejora de los \u00edndices generales de satisfacci\u00f3n de los clientes <strong>15%<\/strong><\/li>\n<\/ol>\n\n\n\n<p>Con convincentes <strong>datos y estad\u00edsticas<\/strong>puede confiar en que los servicios ofrecidos en Kendall, FL, conducen a mejoras tangibles tanto en las operaciones comerciales como en el medio ambiente.<\/p>\n\n\n\n<p>Adem\u00e1s, la variedad de <strong>servicios<\/strong> ofrecido garantiza que se satisfagan las necesidades de eliminaci\u00f3n exclusivas de los clientes. Una empresa manufacturera escribi\u00f3 en un testimonio:<\/p>\n\n\n\n<blockquote class=\"wp-block-quote is-layout-flow wp-block-quote-is-layout-flow\">\n<p><em>\"Estamos especialmente impresionados con su servicio de eliminaci\u00f3n de filtros de aceite. Nos ha costado encontrar una soluci\u00f3n para eliminar nuestros filtros industriales, pero ahora nuestro problema est\u00e1 resuelto. Sus servicios integrales realmente nos dan tranquilidad\".<\/em><\/p>\n<\/blockquote>\n\n\n\n<p>Esta declaraci\u00f3n respalda a\u00fan m\u00e1s la fiabilidad de los servicios de recogida y eliminaci\u00f3n de aceites usados de Kendall. Claramente, las empresas han encontrado soluciones eficientes y responsables con el medio ambiente para una serie de necesidades de eliminaci\u00f3n de aceite.<\/p>\n\n\n\n<h2 class=\"wp-block-heading\">Contacte con nosotros para la eliminaci\u00f3n de aceite usado en Kendall<\/h2>\n\n\n\n<p>Elegir el recolector de aceite adecuado para sus necesidades de eliminaci\u00f3n de aceite usado en Kendall, FL es una decisi\u00f3n crucial que debe tomar. Estamos aqu\u00ed para brindarle servicios confiables, eficientes y ecol\u00f3gicos, asegurando que su aceite usado sea recolectado y desechado responsablemente. Hable con nosotros hoy y <a href=\"https:\/\/eazygrease.com\/es\/formulario-de-nuevo-cliente\/\" data-type=\"page\" data-id=\"92\">programar una recogida gratuita<\/a>!<\/p>\n\n\n\n<h3 class=\"wp-block-heading\">F\u00e1cil programaci\u00f3n e informaci\u00f3n de servicio<\/h3>\n\n\n\n<p>Para empezar con nuestro <strong>servicios de eliminaci\u00f3n de aceite usado en Kendall<\/strong>S\u00f3lo tienes que seguir los pasos que se indican a continuaci\u00f3n:<\/p>\n\n\n\n<ol class=\"wp-block-list\">\n<li><strong>P\u00f3ngase en contacto con nosotros<\/strong> en la direcci\u00f3n facilitada o a trav\u00e9s de nuestra plataforma en l\u00ednea para comentar sus requisitos y obtener informaci\u00f3n personalizada sobre el servicio.<\/li>\n\n\n\n<li><strong>Programar una recogida<\/strong> a su conveniencia. Entendemos que su tiempo es muy valioso, y trabajamos en torno a su horario para proporcionar un servicio r\u00e1pido y eficiente.<\/li>\n\n\n\n<li><strong>Deje el aceite en el lugar designado<\/strong> para que lo recoja nuestro recogedor de aceite. Ofrecemos un servicio de entrega sencillo, que garantiza una interrupci\u00f3n m\u00ednima de su jornada.<\/li>\n<\/ol>\n\n\n\n<figure class=\"wp-block-table\"><table><thead><tr><th><strong>Informaci\u00f3n de contacto<\/strong><\/th><th><\/th><\/tr><\/thead><tbody><tr><td><strong>Direcci\u00f3n<\/strong><\/td><td><em>&nbsp;2344 NW 147th St, Opa-locka, FL 33054<\/em><\/td><\/tr><tr><td><strong>Tel\u00e9fono<\/strong><\/td><td><em>(888) 270-0680<\/em><\/td><\/tr><tr><td><strong>Correo electr\u00f3nico<\/strong><\/td><td><em><a href=\"mailto:example@example.com\">info@eazygrease.com<\/a><\/em><\/td><\/tr><\/tbody><\/table><figcaption class=\"wp-element-caption\">Informaci\u00f3n de contacto de Eazy Grease<\/figcaption><\/figure>\n\n\n\n<p>Nuestro equipo de <strong>expertos en eliminaci\u00f3n de aceite usado<\/strong> est\u00e1 preparada para ayudarle con sus necesidades de recogida de aceite. Elija un servicio en el que pueda confiar. Perm\u00edtanos ser su destino para la eliminaci\u00f3n de aceite usado en Kendall, FL.<\/p>","protected":false},"excerpt":{"rendered":"<p>Used Oil Disposal Collection &amp; Pickup Services Kendall, FL Proper disposal of used oil is essential for the well-being of the environment and public health. With used oil disposal collection and pickup services in Kendall, FL, you can ensure that your used oil is disposed of in an environmentally friendly and responsible manner. By enlisting [&hellip;]<\/p>\n","protected":false},"author":12,"featured_media":0,"parent":0,"menu_order":0,"comment_status":"closed","ping_status":"closed","template":"","meta":{"_acf_changed":false,"footnotes":""},"class_list":["post-1396","page","type-page","status-publish","hentry"],"acf":[],"featured_image_urls":{"full":"","thumbnail":"","medium":"","medium_large":"","large":"","ht-kb-thumb":"","1536x1536":"","2048x2048":"","trp-custom-language-flag":"","web-stories-poster-portrait":"","web-stories-publisher-logo":"","web-stories-thumbnail":""},"post_excerpt_stackable":"<p>Used Oil Disposal Collection &amp; Pickup Services Kendall, FL Proper disposal of used oil is essential for the well-being of the environment and public health. With used oil disposal collection and pickup services in Kendall, FL, you can ensure that your used oil is disposed of in an environmentally friendly and responsible manner. By enlisting the help of professionals, you are playing a vital role in preventing pollution and conserving valuable resources. In Kendall, FL, used oil disposal collection and pickup services cater to both residential and commercial clients. These services ensure that your used oil is collected and transported&hellip;<\/p>\n","category_list":"","author_info":{"name":"Artem Kamalov","url":"https:\/\/eazygrease.com\/es\/author\/eazygrease\/"},"comments_num":"0 comments","_links":{"self":[{"href":"https:\/\/eazygrease.com\/es\/wp-json\/wp\/v2\/pages\/1396","targetHints":{"allow":["GET"]}}],"collection":[{"href":"https:\/\/eazygrease.com\/es\/wp-json\/wp\/v2\/pages"}],"about":[{"href":"https:\/\/eazygrease.com\/es\/wp-json\/wp\/v2\/types\/page"}],"author":[{"embeddable":true,"href":"https:\/\/eazygrease.com\/es\/wp-json\/wp\/v2\/users\/12"}],"replies":[{"embeddable":true,"href":"https:\/\/eazygrease.com\/es\/wp-json\/wp\/v2\/comments?post=1396"}],"version-history":[{"count":0,"href":"https:\/\/eazygrease.com\/es\/wp-json\/wp\/v2\/pages\/1396\/revisions"}],"wp:attachment":[{"href":"https:\/\/eazygrease.com\/es\/wp-json\/wp\/v2\/media?parent=1396"}],"curies":[{"name":"wp","href":"https:\/\/api.w.org\/{rel}","templated":true}]}}