{"id":1324,"date":"2024-02-20T03:13:22","date_gmt":"2024-02-20T03:13:22","guid":{"rendered":"https:\/\/eazygrease.com\/?page_id=1324"},"modified":"2024-02-20T03:13:23","modified_gmt":"2024-02-20T03:13:23","slug":"servicios-de-eliminacion-de-aceite-de-cocina-usado-florida","status":"publish","type":"page","link":"https:\/\/eazygrease.com\/es\/servicios-de-eliminacion-de-aceite-de-cocina-usado-florida\/","title":{"rendered":"Servicios de eliminaci\u00f3n de aceite de cocina usado Florida"},"content":{"rendered":"<p>La eliminaci\u00f3n adecuada del aceite de cocina usado no s\u00f3lo es una pr\u00e1ctica responsable con el medio ambiente, sino que tambi\u00e9n es fundamental para el bienestar de su establecimiento y de la comunidad. En Florida, encontrar\u00e1 servicios eficientes de eliminaci\u00f3n de aceite de cocina usado que satisfacen las necesidades de restaurantes, hoteles y otros establecimientos que producen grandes cantidades de aceite de cocina usado. Estos servicios de eliminaci\u00f3n garantizan que su aceite usado se recoja, recicle y elimine de conformidad con la normativa aplicable.<\/p>\n\n\n\n<p>Al considerar los diversos servicios de eliminaci\u00f3n de aceite de cocina usado en Florida, es esencial centrarse en la fiabilidad, el cumplimiento y la eficiencia de estos proveedores. Al asociarse con el servicio adecuado, puede mejorar la sostenibilidad de las operaciones de su empresa, manteniendo al mismo tiempo un entorno de trabajo limpio y seguro. Profesionales cualificados recoger\u00e1n el aceite usado en sus instalaciones, garantizando que el proceso se desarrolle sin problemas ni complicaciones.<\/p>\n\n\n\n<p>Al utilizar los servicios de eliminaci\u00f3n de aceite de cocina usado en Florida, usted realiza un esfuerzo consciente hacia un estado m\u00e1s ecol\u00f3gico y limpio. Estos servicios promueven una econom\u00eda circular al transformar los residuos en productos valiosos, como combustible biodiesel y alimento para animales, contribuyendo a un medio ambiente m\u00e1s sostenible para todos. As\u00ed que, mientras sigue gestionando las operaciones diarias de su negocio, ap\u00f3yese en estos servicios fiables para gestionar sus necesidades de eliminaci\u00f3n de aceite de cocina usado de forma responsable y eficiente.<\/p>\n\n\n\n<h2 class=\"wp-block-heading\">C\u00f3mo deshacerse del aceite usado<\/h2>\n\n\n\n<div class=\"wp-block-stackable-image stk-block-image stk-block stk-1899ecd\" data-block-id=\"1899ecd\"><style>.stk-1899ecd{border-top-left-radius:10px !important;border-top-right-radius:10px !important;border-bottom-right-radius:10px !important;border-bottom-left-radius:10px !important;overflow:hidden !important;box-shadow:0px 2px 20px rgba(153,153,153,0.2) !important}<\/style><figure><span class=\"stk-img-wrapper stk-image--shape-stretch\"><img fetchpriority=\"high\" decoding=\"async\" class=\"stk-img wp-image-1223\" src=\"https:\/\/eazygrease.com\/wp-content\/uploads\/2024\/02\/eazy-grease-grease-trap-service.webp\" width=\"700\" height=\"300\" alt=\"La imagen muestra un servicio de limpieza de colectores de grasa en marcha. Un gran cami\u00f3n cisterna equipado con una manguera est\u00e1 aspirando el contenido de un colector de grasa. A la derecha, hay varios paneles de control que probablemente accionan el sistema de bombeo. El entorno parece ser una zona urbana, con palmeras y edificios al fondo. Se trata de un montaje t\u00edpico de los servicios de mantenimiento y saneamiento en zonas comerciales, donde los restaurantes y los establecimientos de restauraci\u00f3n requieren una limpieza peri\u00f3dica de los colectores de grasa para garantizar una gesti\u00f3n adecuada de los residuos y cumplir la normativa medioambiental.\" srcset=\"https:\/\/eazygrease.com\/wp-content\/uploads\/2024\/02\/eazy-grease-grease-trap-service.webp 700w, https:\/\/eazygrease.com\/wp-content\/uploads\/2024\/02\/eazy-grease-grease-trap-service-300x129.webp 300w, https:\/\/eazygrease.com\/wp-content\/uploads\/2024\/02\/eazy-grease-grease-trap-service-50x21.webp 50w, https:\/\/eazygrease.com\/wp-content\/uploads\/2024\/02\/eazy-grease-grease-trap-service-18x8.webp 18w\" sizes=\"(max-width: 700px) 100vw, 700px\" \/><\/span><\/figure><\/div>\n\n\n\n<h3 class=\"wp-block-heading\">Importancia de una eliminaci\u00f3n adecuada<\/h3>\n\n\n\n<p>Adecuado <strong>eliminaci\u00f3n de aceite de cocina usado<\/strong> desempe\u00f1a un papel crucial en el mantenimiento de un medio ambiente limpio y respetuoso con el medio ambiente. Cuando vierte aceite usado por el desag\u00fce, puede provocar obstrucciones en su sistema de fontaner\u00eda y causar da\u00f1os a las instalaciones municipales de tratamiento de aguas residuales. Adem\u00e1s, un vertido inadecuado puede contribuir a la contaminaci\u00f3n y poluci\u00f3n del agua.<\/p>\n\n\n\n<p>Trabajar con un servicio acreditado de eliminaci\u00f3n de aceite usado en Florida puede ayudarle a evitar estos problemas. Estos servicios siguen unas directrices que garantizan el reciclaje seguro y eficaz del aceite de cocina usado. Al hacerlo, contribuye a la creaci\u00f3n de productos valiosos, como biodi\u00e9sel y piensos para animales.<\/p>\n\n\n\n<h3 class=\"wp-block-heading\">Normativa y cumplimiento<\/h3>\n\n\n\n<p>Cuando se trata de <strong>eliminaci\u00f3n de aceite usado<\/strong>El cumplimiento de la normativa estatal y federal es de suma importancia. Florida cuenta con directrices espec\u00edficas para garantizar la correcta manipulaci\u00f3n y eliminaci\u00f3n del aceite de cocina usado.<\/p>\n\n\n\n<p>Entre las principales normativas de Florida figuran:<\/p>\n\n\n\n<ul class=\"wp-block-list\">\n<li>Debe almacenar el aceite de cocina usado en un recipiente cerrado con una tapa segura para evitar derrames y fugas.<\/li>\n\n\n\n<li>No debe mezclar el aceite de cocina usado con otros residuos, como productos qu\u00edmicos o disolventes.<\/li>\n\n\n\n<li>Debe trabajar con un transportista o reciclador autorizado para garantizar una eliminaci\u00f3n adecuada y evitar multas o sanciones.<\/li>\n<\/ul>\n\n\n\n<p>Siguiendo estas normativas y otras directrices medioambientales, puede garantizar una gesti\u00f3n responsable y sostenible del aceite de cocina usado en Florida. Recuerde asociarse con un servicio de eliminaci\u00f3n fiable para satisfacer todas sus necesidades de eliminaci\u00f3n de aceite al tiempo que promueve el cuidado del medio ambiente.<\/p>\n\n\n\n<h2 class=\"wp-block-heading\">Servicios integrales Eazy Grease<\/h2>\n\n\n\n<div class=\"wp-block-stackable-image stk-block-image stk-block stk-e33176d\" data-block-id=\"e33176d\"><style>.stk-e33176d{border-top-left-radius:10px !important;border-top-right-radius:10px !important;border-bottom-right-radius:10px !important;border-bottom-left-radius:10px !important;overflow:hidden !important;box-shadow:0px 2px 20px rgba(153,153,153,0.2) !important}<\/style><figure><span class=\"stk-img-wrapper stk-image--shape-stretch\"><img decoding=\"async\" class=\"stk-img wp-image-934\" src=\"https:\/\/eazygrease.com\/wp-content\/uploads\/2024\/01\/ezgrease-bg.webp\" width=\"900\" height=\"400\" alt=\"logo de eazy grease con fondo de restaurante\" srcset=\"https:\/\/eazygrease.com\/wp-content\/uploads\/2024\/01\/ezgrease-bg.webp 900w, https:\/\/eazygrease.com\/wp-content\/uploads\/2024\/01\/ezgrease-bg-300x133.webp 300w, https:\/\/eazygrease.com\/wp-content\/uploads\/2024\/01\/ezgrease-bg-768x341.webp 768w, https:\/\/eazygrease.com\/wp-content\/uploads\/2024\/01\/ezgrease-bg-50x22.webp 50w, https:\/\/eazygrease.com\/wp-content\/uploads\/2024\/01\/ezgrease-bg-18x8.webp 18w\" sizes=\"(max-width: 900px) 100vw, 900px\" \/><\/span><\/figure><\/div>\n\n\n\n<h3 class=\"wp-block-heading\">Proceso de recogida y reciclaje<\/h3>\n\n\n\n<p><strong>Grasa Eazy<\/strong> ofrece un c\u00f3modo <strong>reciclaje de aceite usado cerca de m\u00ed<\/strong> que le facilita la eliminaci\u00f3n del aceite de cocina no deseado. En <em>Proceso de recogida y reciclaje<\/em> se ha dise\u00f1ado pensando en usted, garantiz\u00e1ndole una experiencia sin complicaciones. Consta de los siguientes pasos:<\/p>\n\n\n\n<ul class=\"wp-block-list\">\n<li><em>Programaci\u00f3n<\/em>: Para programar una recogida, simplemente p\u00f3ngase en contacto con Eazy Grease y proporcione los detalles de su ubicaci\u00f3n.<\/li>\n\n\n\n<li><em>Recogida<\/em>: Su equipo de profesionales se desplaza a su domicilio para recoger el aceite de cocina usado con el m\u00e1ximo cuidado y eficacia.<\/li>\n\n\n\n<li><em>Reciclado<\/em>: El aceite recogido se somete a un minucioso proceso de reciclado que lo transforma en productos valiosos como el biodi\u00e9sel.<\/li>\n<\/ul>\n\n\n\n<p>Adem\u00e1s, Eazy Grease ofrece <strong>reciclaje de grasa cerca de m\u00ed<\/strong> para evitar que los aceites usados contaminen el medio ambiente.<\/p>\n\n\n\n<h3 class=\"wp-block-heading\">Cobertura de servicios<\/h3>\n\n\n\n<p>Si se pregunta por <strong>eliminaci\u00f3n gratuita de aceite de cocina cerca de m\u00ed<\/strong>Eazy Grease garantiza una amplia cobertura de servicio en toda Florida. La siguiente tabla destaca algunas de las \u00e1reas clave cubiertas:<\/p>\n\n\n\n<figure class=\"wp-block-table\"><table><thead><tr><th>Ciudad<\/th><th>Condado<\/th><\/tr><\/thead><tbody><tr><td>Miami<\/td><td>Condado de Miami-Dade<\/td><\/tr><tr><td>Orlando<\/td><td>Condado de Orange<\/td><\/tr><tr><td>Tampa<\/td><td>Condado de Hillsborough<\/td><\/tr><tr><td>Jacksonville<\/td><td>Condado de Duval<\/td><\/tr><tr><td>Fort Lauderdale<\/td><td>Condado de Broward<\/td><\/tr><\/tbody><\/table><\/figure>\n\n\n\n<p>Al ofrecer servicios integrales en varios lugares, Eazy Grease le facilita el reciclaje de su aceite de cocina usado de forma respetuosa con el medio ambiente.<\/p>\n\n\n\n<h2 class=\"wp-block-heading\">Por qu\u00e9 elegir Eazy Grease<\/h2>\n\n\n\n<h3 class=\"wp-block-heading\">Enfoque centrado en el cliente<\/h3>\n\n\n\n<p>Cuando busque un <em>eliminaci\u00f3n de aceite cerca de m\u00ed<\/em> o <em>eliminaci\u00f3n de grasa cerca de m\u00ed<\/em>, <strong>Grasa Eazy<\/strong> deber\u00eda ser su elecci\u00f3n. Nuestro enfoque centrado en el cliente garantiza que reciba un servicio de primera clase adaptado a sus necesidades espec\u00edficas. Entendemos los desaf\u00edos de la eliminaci\u00f3n de aceite de cocina usado en Florida, y estamos comprometidos a hacer el proceso lo m\u00e1s conveniente y libre de estr\u00e9s como sea posible para usted. Estos son algunos de los beneficios que experimentar\u00e1 al trabajar con Eazy Grease:<\/p>\n\n\n\n<ul class=\"wp-block-list\">\n<li><strong>Horario flexible<\/strong>: Nos adaptamos a su horario, acomodando las recogidas a las horas que m\u00e1s le convengan.<\/li>\n\n\n\n<li><strong>Servicio r\u00e1pido<\/strong>: Nuestro equipo especializado llegar\u00e1 a tiempo, garantizando un proceso de eliminaci\u00f3n eficiente y sin problemas.<\/li>\n\n\n\n<li><strong>Precios transparentes<\/strong>: Sin gastos ocultos, sabr\u00e1s exactamente lo que pagas.<\/li>\n<\/ul>\n\n\n\n<h3 class=\"wp-block-heading\">Responsabilidad medioambiental<\/h3>\n\n\n\n<p>Eazy Grease no s\u00f3lo se compromete a proporcionar un servicio excelente, sino tambi\u00e9n a ayudar a proteger el medio ambiente. Al elegirnos para sus necesidades de eliminaci\u00f3n de aceite de cocina, est\u00e1 tomando una decisi\u00f3n responsable para el planeta. Estas son las principales iniciativas medioambientales que llevamos a cabo:<\/p>\n\n\n\n<ul class=\"wp-block-list\">\n<li><strong>Reciclado sostenible<\/strong>: Nos aseguramos de que el aceite de cocina usado que le recogemos se recicla de forma responsable, reduciendo los residuos y fomentando una econom\u00eda circular.<\/li>\n\n\n\n<li><strong>Pr\u00e1cticas ecol\u00f3gicas<\/strong>: Nuestro equipo sigue pr\u00e1cticas respetuosas con el medio ambiente en todos los aspectos de nuestros servicios, desde el uso de veh\u00edculos ecol\u00f3gicos hasta la limitaci\u00f3n de nuestra huella de carbono.<\/li>\n<\/ul>\n\n\n\n<p>Como propietario de un negocio, puede confiar en Eazy Grease para todas sus necesidades de eliminaci\u00f3n de aceite de cocina. Al trabajar con nosotros, usted puede centrarse en el funcionamiento de su negocio mientras nosotros nos encargamos de su aceite de cocina usado de una manera centrada en el cliente y responsable con el medio ambiente. Elija Eazy Grease como su socio en Florida y experimente la diferencia.<\/p>\n\n\n\n<h2 class=\"wp-block-heading\">Programaci\u00f3n y utilizaci\u00f3n de servicios<\/h2>\n\n\n\n<div class=\"wp-block-stackable-image stk-block-image stk-block stk-b752c8b\" data-block-id=\"b752c8b\"><style>.stk-b752c8b{border-top-left-radius:10px !important;border-top-right-radius:10px !important;border-bottom-right-radius:10px !important;border-bottom-left-radius:10px !important;overflow:hidden !important;box-shadow:0px 2px 20px rgba(153,153,153,0.2) !important}<\/style><figure><span class=\"stk-img-wrapper stk-image--shape-stretch\"><img decoding=\"async\" class=\"stk-img wp-image-1075\" src=\"https:\/\/eazygrease.com\/wp-content\/uploads\/2024\/02\/Untitled-design-29.webp\" width=\"700\" height=\"300\" alt=\"La imagen muestra una cocina comercial con una persona utilizando pinzas para manipular alimentos en una freidora burbujeante.\" srcset=\"https:\/\/eazygrease.com\/wp-content\/uploads\/2024\/02\/Untitled-design-29.webp 700w, https:\/\/eazygrease.com\/wp-content\/uploads\/2024\/02\/Untitled-design-29-300x129.webp 300w, https:\/\/eazygrease.com\/wp-content\/uploads\/2024\/02\/Untitled-design-29-50x21.webp 50w, https:\/\/eazygrease.com\/wp-content\/uploads\/2024\/02\/Untitled-design-29-18x8.webp 18w\" sizes=\"(max-width: 700px) 100vw, 700px\" \/><\/span><\/figure><\/div>\n\n\n\n<h3 class=\"wp-block-heading\">Reservar una recogida<\/h3>\n\n\n\n<p>Para empezar a utilizar <strong>servicios de eliminaci\u00f3n de aceite de cocina usado<\/strong> en Florida, s\u00f3lo tiene que buscar <em>eliminaci\u00f3n de aceite usado cerca de m\u00ed<\/em> o <em>reciclaje de aceite cerca de m\u00ed<\/em> para encontrar un proveedor de servicios de confianza en su zona. Una vez que haya elegido un proveedor, programe una recogida poni\u00e9ndose en contacto con \u00e9l a trav\u00e9s de su sitio web o por tel\u00e9fono. Es crucial que facilite informaci\u00f3n precisa, como su ubicaci\u00f3n, el tipo de negocio (por ejemplo, restaurante u hogar) y la cantidad estimada de aceite usado que necesita que retiren.<\/p>\n\n\n\n<p>La mayor\u00eda de los proveedores de servicios ofrecen horarios flexibles, lo que le permite organizar recogidas semanales, quincenales o mensuales, en funci\u00f3n de sus necesidades espec\u00edficas. Aproveche los siguientes consejos para que la recogida sea un \u00e9xito:<\/p>\n\n\n\n<ul class=\"wp-block-list\">\n<li>Tenga el contenedor de aceite usado f\u00e1cilmente accesible para que los t\u00e9cnicos de servicio puedan recoger el aceite.<\/li>\n\n\n\n<li>Aseg\u00farese de que el recipiente se llena s\u00f3lo con aceite de cocina usado. No mezcle otras sustancias como productos qu\u00edmicos, agua o part\u00edculas de alimentos.<\/li>\n\n\n\n<li>Asegure la tapa del contenedor para evitar derrames durante la recogida.<\/li>\n<\/ul>\n\n\n\n<h3 class=\"wp-block-heading\">Fiabilidad del servicio<\/h3>\n\n\n\n<p>Al seleccionar un servicio de eliminaci\u00f3n de aceite de cocina usado en Florida, busque una empresa con un s\u00f3lido historial de fiabilidad y profesionalidad. Los proveedores de servicios reputados dan prioridad a sus clientes:<\/p>\n\n\n\n<ol class=\"wp-block-list\">\n<li>Comunicaci\u00f3n r\u00e1pida: Responder a sus preguntas o resolver sus dudas en el momento oportuno.<\/li>\n\n\n\n<li>Cumplimiento de la normativa: Cumplimiento de las directrices locales, estatales y federales para la correcta eliminaci\u00f3n del aceite usado.<\/li>\n\n\n\n<li>Actualizaciones peri\u00f3dicas del servicio: Inform\u00e1ndole de cualquier cambio en su horario de recogida o ajustes en el servicio.<\/li>\n\n\n\n<li>T\u00e9cnicos de confianza: Formaci\u00f3n e investigaci\u00f3n exhaustivas de sus t\u00e9cnicos para garantizar un alto nivel de calidad de servicio.<\/li>\n<\/ol>\n\n\n\n<h2 class=\"wp-block-heading\">Preguntas frecuentes sobre los servicios de gesti\u00f3n de aceites usados<\/h2>\n\n\n\n<p><strong>P: \u00bfQu\u00e9 es la eliminaci\u00f3n del aceite de cocina usado?<\/strong><\/p>\n\n\n\n<p>La eliminaci\u00f3n del aceite de cocina usado se refiere al proceso de recogida, tratamiento y eliminaci\u00f3n responsable del aceite de cocina usado de las cocinas comerciales y residenciales. La eliminaci\u00f3n adecuada del aceite de cocina usado es esencial para mantener un entorno limpio y seguro.<\/p>\n\n\n\n<p><strong>P: \u00bfPor qu\u00e9 es importante eliminar correctamente el aceite de cocina usado?<\/strong><\/p>\n\n\n\n<p>La eliminaci\u00f3n inadecuada del aceite de cocina usado puede provocar la obstrucci\u00f3n de desag\u00fces y sistemas de alcantarillado, causando problemas medioambientales y costosas reparaciones. Desde el punto de vista legal, las empresas deben cumplir la normativa sobre eliminaci\u00f3n adecuada para evitar multas y sanciones. Adem\u00e1s, el reciclaje del aceite de cocina usado puede dar lugar a la producci\u00f3n de valiosos subproductos como el biodi\u00e9sel.<\/p>\n\n\n\n<p><strong>P: \u00bfC\u00f3mo puedo encontrar un servicio de eliminaci\u00f3n de grasas cerca de m\u00ed?<\/strong><\/p>\n\n\n\n<p>Para localizar un servicio de eliminaci\u00f3n de grasa cerca de usted, intente buscar en Internet \"servicios de eliminaci\u00f3n de aceite de cocina usado Florida\" o \"eliminaci\u00f3n de grasa cerca de m\u00ed\". Tambi\u00e9n puede consultar los directorios locales o ponerse en contacto con el departamento de gesti\u00f3n de residuos de su ciudad para obtener recomendaciones.<\/p>\n\n\n\n<p><strong>P: \u00bfQu\u00e9 tipos de servicios prestan las empresas de eliminaci\u00f3n de aceite de cocina usado?<\/strong><\/p>\n\n\n\n<p>Los servicios de eliminaci\u00f3n de aceite de cocina usado suelen ofrecer lo siguiente:<\/p>\n\n\n\n<ul class=\"wp-block-list\">\n<li>Recogida de aceite de cocina usado en sus instalaciones<\/li>\n\n\n\n<li>Transporte del aceite recogido a una instalaci\u00f3n de tratamiento<\/li>\n\n\n\n<li>Tratamiento y reciclado del aceite, a menudo para la producci\u00f3n de biodi\u00e9sel.<\/li>\n\n\n\n<li>Informes y registros para demostrar el cumplimiento de la normativa<\/li>\n<\/ul>\n\n\n\n<p><strong>P: \u00bfCon qu\u00e9 frecuencia debo programar la recogida de aceite usado?<\/strong><\/p>\n\n\n\n<p>La frecuencia de recogida del aceite usado depende del volumen de aceite que genere su negocio o residencia. Un restaurante peque\u00f1o puede necesitar una recogida quincenal, mientras que una empresa m\u00e1s grande puede requerir un servicio semanal. Eval\u00fae sus necesidades y colabore con el servicio de recogida elegido para establecer un calendario que le convenga.<\/p>\n\n\n\n<p><strong>P: \u00bfQu\u00e9 debo hacer con el aceite de cocina usado entre los servicios de recogida?<\/strong><\/p>\n\n\n\n<p>El almacenamiento adecuado del aceite de cocina usado entre recogidas es crucial. Invierta en un recipiente o dep\u00f3sito adecuado dise\u00f1ado para el almacenamiento de aceite. Mantenga el recipiente cerrado herm\u00e9ticamente para evitar derrames y olores, y gu\u00e1rdelo en un lugar fresco, seco y seguro, alejado de fuentes de calor y de los ni\u00f1os.<\/p>","protected":false},"excerpt":{"rendered":"<p>Proper disposal of used cooking oil is not only an environmentally responsible practice, but it&#8217;s also critical for the well-being of your establishment and the community. In Florida, you&#8217;ll find efficient used cooking oil disposal services that cater to the needs of restaurants, hotels, and other establishments that produce large quantities of used cooking oil. [&hellip;]<\/p>\n","protected":false},"author":12,"featured_media":0,"parent":0,"menu_order":0,"comment_status":"closed","ping_status":"closed","template":"","meta":{"_acf_changed":false,"footnotes":""},"class_list":["post-1324","page","type-page","status-publish","hentry"],"acf":[],"featured_image_urls":{"full":"","thumbnail":"","medium":"","medium_large":"","large":"","ht-kb-thumb":"","1536x1536":"","2048x2048":"","trp-custom-language-flag":"","web-stories-poster-portrait":"","web-stories-publisher-logo":"","web-stories-thumbnail":""},"post_excerpt_stackable":"<p>Proper disposal of used cooking oil is not only an environmentally responsible practice, but it&#8217;s also critical for the well-being of your establishment and the community. In Florida, you&#8217;ll find efficient used cooking oil disposal services that cater to the needs of restaurants, hotels, and other establishments that produce large quantities of used cooking oil. These disposal services ensure that your used oil is collected, recycled, and disposed of in compliance with applicable regulations. As you consider the various used cooking oil disposal services in Florida, it&#8217;s essential to focus on the reliability, compliance, and efficiency of these providers. By&hellip;<\/p>\n","category_list":"","author_info":{"name":"Artem Kamalov","url":"https:\/\/eazygrease.com\/es\/author\/eazygrease\/"},"comments_num":"0 comments","_links":{"self":[{"href":"https:\/\/eazygrease.com\/es\/wp-json\/wp\/v2\/pages\/1324","targetHints":{"allow":["GET"]}}],"collection":[{"href":"https:\/\/eazygrease.com\/es\/wp-json\/wp\/v2\/pages"}],"about":[{"href":"https:\/\/eazygrease.com\/es\/wp-json\/wp\/v2\/types\/page"}],"author":[{"embeddable":true,"href":"https:\/\/eazygrease.com\/es\/wp-json\/wp\/v2\/users\/12"}],"replies":[{"embeddable":true,"href":"https:\/\/eazygrease.com\/es\/wp-json\/wp\/v2\/comments?post=1324"}],"version-history":[{"count":0,"href":"https:\/\/eazygrease.com\/es\/wp-json\/wp\/v2\/pages\/1324\/revisions"}],"wp:attachment":[{"href":"https:\/\/eazygrease.com\/es\/wp-json\/wp\/v2\/media?parent=1324"}],"curies":[{"name":"wp","href":"https:\/\/api.w.org\/{rel}","templated":true}]}}