{"id":1320,"date":"2024-02-20T02:52:27","date_gmt":"2024-02-20T02:52:27","guid":{"rendered":"https:\/\/eazygrease.com\/?page_id=1320"},"modified":"2024-02-20T02:52:51","modified_gmt":"2024-02-20T02:52:51","slug":"grasa-de-restaurante-reciclaje-de-aceite-de-cocina","status":"publish","type":"page","link":"https:\/\/eazygrease.com\/es\/grasa-de-restaurante-reciclaje-de-aceite-de-cocina\/","title":{"rendered":"Servicios de reciclaje de grasas y aceites de cocina de restaurantes"},"content":{"rendered":"<p>En el ajetreado mundo de la restauraci\u00f3n, nunca se insistir\u00e1 lo suficiente en la importancia de reciclar y eliminar correctamente la grasa y el aceite de cocina. Si gestiona eficazmente los residuos de aceite de cocina, no s\u00f3lo contribuir\u00e1 a una industria m\u00e1s sostenible desde el punto de vista medioambiental, sino que tambi\u00e9n podr\u00e1 acceder a fuentes de ingresos adicionales. Este art\u00edculo profundiza en las numerosas ventajas y t\u00e9cnicas para reciclar adecuadamente la grasa y el aceite de cocina de los restaurantes.<\/p>\n\n\n\n<p>Como propietario o profesional de un restaurante, sabe que el aceite y la grasa de cocina son subproductos inevitables de sus operaciones diarias. Sin embargo, si se tratan de forma responsable, estos subproductos pueden transformarse en valiosos recursos. Al reciclar los aceites y grasas usados, no s\u00f3lo evita que sustancias nocivas entren en el medio ambiente, sino que tambi\u00e9n ayuda a crear energ\u00eda renovable y apoya la producci\u00f3n de biodi\u00e9sel.<\/p>\n\n\n\n<p>Para crear un programa de reciclaje de \u00e9xito para su establecimiento, debe conocer las mejores pr\u00e1cticas para recoger, almacenar y eliminar los residuos de grasa y aceite de cocina. Conozca las \u00faltimas directrices del sector, colabore con proveedores de servicios de confianza y aplique pr\u00e1cticas responsables con el medio ambiente para elevar el compromiso de su restaurante con la sostenibilidad.<\/p>\n\n\n\n<h2 class=\"wp-block-heading\">Reciclaje de grasas y aceites<\/h2>\n\n\n\n<div class=\"wp-block-stackable-image stk-block-image stk-block stk-a3a9142\" data-block-id=\"a3a9142\"><style>.stk-a3a9142{border-top-left-radius:10px !important;border-top-right-radius:10px !important;border-bottom-right-radius:10px !important;border-bottom-left-radius:10px !important;overflow:hidden !important;box-shadow:0px 2px 20px rgba(153,153,153,0.2) !important}<\/style><figure><span class=\"stk-img-wrapper stk-image--shape-stretch\"><img loading=\"lazy\" decoding=\"async\" class=\"stk-img wp-image-934\" src=\"https:\/\/eazygrease.com\/wp-content\/uploads\/2024\/01\/ezgrease-bg.webp\" width=\"900\" height=\"400\" alt=\"logo de eazy grease con fondo de restaurante\" srcset=\"https:\/\/eazygrease.com\/wp-content\/uploads\/2024\/01\/ezgrease-bg.webp 900w, https:\/\/eazygrease.com\/wp-content\/uploads\/2024\/01\/ezgrease-bg-300x133.webp 300w, https:\/\/eazygrease.com\/wp-content\/uploads\/2024\/01\/ezgrease-bg-768x341.webp 768w, https:\/\/eazygrease.com\/wp-content\/uploads\/2024\/01\/ezgrease-bg-50x22.webp 50w, https:\/\/eazygrease.com\/wp-content\/uploads\/2024\/01\/ezgrease-bg-18x8.webp 18w\" sizes=\"auto, (max-width: 900px) 100vw, 900px\" \/><\/span><\/figure><\/div>\n\n\n\n<h3 class=\"wp-block-heading\">Ventajas del reciclaje de aceite<\/h3>\n\n\n\n<p><strong>Ahorro financiero<\/strong>: Reciclando el aceite usado de su restaurante, puede ganar dinero. Las empresas que reciclan aceite suelen pagar por el aceite de cocina usado, lo que le permite convertir sus residuos en beneficios.<\/p>\n\n\n\n<p><strong>Conservaci\u00f3n del medio ambiente<\/strong>: Reciclar la grasa y el aceite ayuda a reducir la carga de los vertederos y a evitar la contaminaci\u00f3n del agua. Adem\u00e1s, su restaurante contribuir\u00e1 a una econom\u00eda sostenible.<\/p>\n\n\n\n<p><strong>Reutilizaci\u00f3n<\/strong>: El aceite usado puede transformarse en nuevos productos, como biodi\u00e9sel o piensos para animales, fomentando la eficiencia de los recursos y reduciendo la producci\u00f3n de residuos.<\/p>\n\n\n\n<h3 class=\"wp-block-heading\">El proceso de reciclaje de grasas<\/h3>\n\n\n\n<ol class=\"wp-block-list\">\n<li><strong>Colecci\u00f3n<\/strong>: El reciclaje del aceite de restaurante requiere el almacenamiento y la recogida adecuados de la grasa usada. Aseg\u00farese de tener un contenedor de grasa espec\u00edfico alejado de los desag\u00fces para evitar la contaminaci\u00f3n y los derrames.<\/li>\n\n\n\n<li><strong>Transporte<\/strong>: As\u00f3ciese con una empresa de reciclaje acreditada que recoja y transporte el aceite usado a una instalaci\u00f3n de procesamiento.<\/li>\n\n\n\n<li><strong>Tratamiento<\/strong>: En la planta de reciclaje, el personal aislar\u00e1 la grasa del restaurante de cualquier contaminante, como agua y residuos, mediante una serie de pasos como el cribado, la filtraci\u00f3n y el calentamiento.<\/li>\n\n\n\n<li><strong>Conversi\u00f3n<\/strong>: Una vez limpia la grasa, la instalaci\u00f3n puede transformarla en diversos productos finales, como combustible biodi\u00e9sel y piensos para animales.<\/li>\n<\/ol>\n\n\n\n<p>Recuerde que el reciclaje de grasas y aceites es esencial para el impacto medioambiental y la sostenibilidad general de su restaurante. Si conoce el proceso y se asocia con una empresa de reciclaje de confianza, podr\u00e1 gestionar adecuadamente el aceite de cocina usado y contribuir a un futuro m\u00e1s ecol\u00f3gico.<\/p>\n\n\n\n<h2 class=\"wp-block-heading\">Servicios de reciclaje de grasa Eazy<\/h2>\n\n\n\n<h3 class=\"wp-block-heading\">Recogida de aceite en restaurantes<\/h3>\n\n\n\n<p>Como propietario o gerente de un restaurante, puede beneficiarse de <em>Eazy Grease Recycling Services<\/em> r\u00e1pido y eficaz <strong>restaurante recogida de aceite<\/strong> opciones. Nuestro equipo profesional est\u00e1 bien equipado para eliminar el aceite de cocina usado y la grasa de su establecimiento, ahorr\u00e1ndole tiempo y esfuerzo. Para encontrar un <strong>restaurante reciclaje de aceite cerca de m\u00ed<\/strong>Simplemente utilice nuestro localizador de servicios en l\u00ednea o p\u00f3ngase en contacto con nuestros representantes de atenci\u00f3n al cliente.<\/p>\n\n\n\n<p>He aqu\u00ed un breve resumen de nuestro proceso de recogida:<\/p>\n\n\n\n<ol class=\"wp-block-list\">\n<li>Programe una recogida: Planifique los horarios de recogida en funci\u00f3n de las necesidades de su establecimiento, por ejemplo, a intervalos diarios, semanales o mensuales.<\/li>\n\n\n\n<li>Personal formado: Nuestros trabajadores cualificados llegar\u00e1n a su ubicaci\u00f3n, garantizando una interrupci\u00f3n m\u00ednima de sus operaciones.<\/li>\n\n\n\n<li>Extracci\u00f3n de grasa y aceite: El aceite de cocina usado se extraer\u00e1 cuidadosamente de sus contenedores designados.<\/li>\n\n\n\n<li>Eliminaci\u00f3n limpia y segura: El aceite recogido se transportar\u00e1 a nuestras instalaciones de reciclaje, donde lo procesaremos de forma responsable con el medio ambiente.<\/li>\n<\/ol>\n\n\n\n<h3 class=\"wp-block-heading\">Servicios de recogida de aceite para restaurantes<\/h3>\n\n\n\n<p>Adem\u00e1s de nuestro programa de recogida, tambi\u00e9n ofrecemos <strong>servicios de recogida de aceite para restaurantes<\/strong> para apoyar sus esfuerzos de reciclaje de grasas y aceites de cocina. Nuestro proceso de recogida es \u00e1gil y sencillo, lo que garantiza una experiencia perfecta para su empresa.<\/p>\n\n\n\n<p>Ofrecemos los siguientes servicios como parte de nuestro paquete de recogida de aceite:<\/p>\n\n\n\n<ul class=\"wp-block-list\">\n<li><strong>Envases f\u00e1ciles de usar<\/strong>: Le proporcionamos los contenedores necesarios para almacenar su aceite usado, dise\u00f1ados para facilitar el acceso y minimizar el desorden.<\/li>\n\n\n\n<li><strong>Programaci\u00f3n adaptable<\/strong>: Ajuste la frecuencia de recogida en funci\u00f3n de las necesidades de su restaurante, lo que permite una flexibilidad \u00f3ptima.<\/li>\n\n\n\n<li><strong>Precios transparentes<\/strong>: Nuestra estructura de precios es clara y directa, sin cargos ocultos ni recargos.<\/li>\n<\/ul>\n\n\n\n<p>Al colaborar con nuestros <em>Servicios de reciclaje de grasa Eazy<\/em>De este modo, podr\u00e1 centrarse en lo que mejor sabe hacer -proporcionar deliciosos platos a sus clientes- mientras nosotros nos ocupamos del resto. Permita que nuestra experiencia le ayude a gestionar la eliminaci\u00f3n de residuos de forma ecol\u00f3gica, eficiente y rentable.<\/p>\n\n\n\n<h2 class=\"wp-block-heading\">Eliminaci\u00f3n adecuada del aceite de cocina<\/h2>\n\n\n\n<h3 class=\"wp-block-heading\">Eliminaci\u00f3n de aceite de freidora de restaurante<\/h3>\n\n\n\n<p>Desechar correctamente el aceite de fre\u00edr de un restaurante es crucial para mantener la limpieza y cumplir las directrices medioambientales. Cuando llegue el momento de desechar el aceite de freidora, debe empezar por apagar el fuego y dejar que el aceite se enfr\u00ede por completo. <strong>Nunca<\/strong> manipular aceite caliente, ya que podr\u00eda causar quemaduras graves.<\/p>\n\n\n\n<p>A continuaci\u00f3n, utilice un filtro para filtrar las part\u00edculas de comida residuales del aceite. Es importante hacer esto, ya que estas part\u00edculas pueden contaminar el aceite en el proceso de eliminaci\u00f3n. A continuaci\u00f3n, prepare un recipiente a prueba de derrames, como un bid\u00f3n sellado o un contenedor espec\u00edfico para el almacenamiento de aceite usado, para guardar el aceite filtrado.<\/p>\n\n\n\n<p>Considere la posibilidad de aplicar las siguientes buenas pr\u00e1cticas:<\/p>\n\n\n\n<ul class=\"wp-block-list\">\n<li>Etiquete los contenedores con el tipo de aceite y la fecha de recogida.<\/li>\n\n\n\n<li>Almacene los envases en un lugar fresco, seco y seguro, lejos de la luz solar directa y de los elementos.<\/li>\n\n\n\n<li>Establecer un calendario para la eliminaci\u00f3n del aceite usado.<\/li>\n<\/ul>\n\n\n\n<h3 class=\"wp-block-heading\">Recogida de aceite usado en restaurantes<\/h3>\n\n\n\n<p>Cuando tenga almacenada una cantidad considerable de aceite usado, es hora de programar una recogida. Las empresas de renombre especializadas en la eliminaci\u00f3n de aceite de cocina de restaurantes pueden recoger y reciclar el aceite usado de forma segura y eficaz. Para elegir un proveedor fiable, tenga en cuenta los siguientes factores:<\/p>\n\n\n\n<ol class=\"wp-block-list\">\n<li><strong>Experiencia y reputaci\u00f3n:<\/strong> Busque un proveedor con un historial s\u00f3lido y cr\u00edticas positivas de otros restaurantes.<\/li>\n\n\n\n<li><strong>Equipamiento y herramientas:<\/strong> Asegurarse de que disponen del equipo necesario para la recogida y el transporte seguros del aceite usado.<\/li>\n\n\n\n<li><strong>Certificados y licencias:<\/strong> Compruebe si el proveedor cumple la normativa estatal\/local y posee las certificaciones pertinentes.<\/li>\n\n\n\n<li><strong>Proceso de reciclaje:<\/strong> Confirme que el vendedor recicla el aceite usado para convertirlo en biodi\u00e9sel u otros productos sostenibles.<\/li>\n<\/ol>\n\n\n\n<h2 class=\"wp-block-heading\">Impacto medioambiental y conformidad<\/h2>\n\n\n\n<p>Cuando busque un <strong>recogida de aceite usado en restaurantes cercanos<\/strong>es importante conocer el impacto medioambiental y las normas de cumplimiento para reciclar el aceite de cocina usado. La correcta eliminaci\u00f3n de la grasa ayuda a proteger el medio ambiente y a cumplir la normativa.<\/p>\n\n\n\n<p>El reciclaje del aceite de cocina usado de su restaurante tiene numerosas ventajas para el medio ambiente. Al evitar que la grasa entre en los sistemas de agua locales, usted contribuye directamente a reducir el riesgo de obstrucci\u00f3n y contaminaci\u00f3n del alcantarillado. Adem\u00e1s, convertir el aceite usado en fuentes de energ\u00eda renovables, como el biodi\u00e9sel, ayuda a:<\/p>\n\n\n\n<ul class=\"wp-block-list\">\n<li>Reducir las emisiones de gases de efecto invernadero<\/li>\n\n\n\n<li>Menor dependencia de los combustibles f\u00f3siles<\/li>\n\n\n\n<li>Conservar los recursos naturales<\/li>\n<\/ul>\n\n\n\n<p>Para garantizar el cumplimiento de la normativa medioambiental, debe contratar siempre un servicio de recogida de aceites usados de buena reputaci\u00f3n. Algunas consideraciones clave a la hora de elegir un proveedor de servicios deben ser:<\/p>\n\n\n\n<ol class=\"wp-block-list\">\n<li><strong>Licencias leg\u00edtimas<\/strong>: Aseg\u00farese de que la empresa dispone de los permisos y licencias necesarios para gestionar la recogida y el reciclaje de aceite de cocina usado.<\/li>\n\n\n\n<li><strong>Registros transparentes<\/strong>: La empresa debe proporcionar la documentaci\u00f3n y el seguimiento adecuados de los aceites usados, para ajustarse a la normativa y a las pr\u00e1cticas de rendici\u00f3n de cuentas.<\/li>\n\n\n\n<li><strong>Recogida puntual<\/strong>: Un servicio de recogida regular y puntual es vital para que su restaurante cumpla las normas y sea respetuoso con el medio ambiente.<\/li>\n<\/ol>\n\n\n\n<p>Para localizar servicios de recogida de aceite de cocina usado en restaurantes cercanos, puede:<\/p>\n\n\n\n<ul class=\"wp-block-list\">\n<li>B\u00fasqueda en directorios en l\u00ednea<\/li>\n\n\n\n<li>Pedir consejo a asociaciones profesionales o a colegas del sector<\/li>\n\n\n\n<li>Consulte a los organismos medioambientales locales para encontrar proveedores fiables<\/li>\n<\/ul>\n\n\n\n<p>En resumen, el servicio de reciclaje de grasas y aceites de cocina que elija debe fomentar la sostenibilidad medioambiental y el cumplimiento de la normativa. De este modo, contribuir\u00e1 de forma significativa a preservar nuestro planeta y a mantener un funcionamiento m\u00e1s limpio de su restaurante.<\/p>","protected":false},"excerpt":{"rendered":"<p>In the bustling world of restaurants, the importance of recycling and proper disposal of grease and cooking oil cannot be overstated. By effectively managing cooking oil waste, you not only contribute to a more environmentally sustainable industry, but you can also gain access to additional revenue streams. This article delves into the numerous benefits and [&hellip;]<\/p>\n","protected":false},"author":12,"featured_media":0,"parent":0,"menu_order":0,"comment_status":"closed","ping_status":"closed","template":"","meta":{"_acf_changed":false,"footnotes":""},"class_list":["post-1320","page","type-page","status-publish","hentry"],"acf":[],"featured_image_urls":{"full":"","thumbnail":"","medium":"","medium_large":"","large":"","ht-kb-thumb":"","1536x1536":"","2048x2048":"","trp-custom-language-flag":"","web-stories-poster-portrait":"","web-stories-publisher-logo":"","web-stories-thumbnail":""},"post_excerpt_stackable":"<p>In the bustling world of restaurants, the importance of recycling and proper disposal of grease and cooking oil cannot be overstated. By effectively managing cooking oil waste, you not only contribute to a more environmentally sustainable industry, but you can also gain access to additional revenue streams. This article delves into the numerous benefits and techniques for proper restaurant grease and cooking oil recycling. As a restaurant owner or professional, you know that cooking oil and grease are inevitable byproducts of your daily operations. However, when dealt with responsibly, these byproducts can be transformed into valuable resources. By recycling used&hellip;<\/p>\n","category_list":"","author_info":{"name":"Artem Kamalov","url":"https:\/\/eazygrease.com\/es\/author\/eazygrease\/"},"comments_num":"0 comments","_links":{"self":[{"href":"https:\/\/eazygrease.com\/es\/wp-json\/wp\/v2\/pages\/1320","targetHints":{"allow":["GET"]}}],"collection":[{"href":"https:\/\/eazygrease.com\/es\/wp-json\/wp\/v2\/pages"}],"about":[{"href":"https:\/\/eazygrease.com\/es\/wp-json\/wp\/v2\/types\/page"}],"author":[{"embeddable":true,"href":"https:\/\/eazygrease.com\/es\/wp-json\/wp\/v2\/users\/12"}],"replies":[{"embeddable":true,"href":"https:\/\/eazygrease.com\/es\/wp-json\/wp\/v2\/comments?post=1320"}],"version-history":[{"count":0,"href":"https:\/\/eazygrease.com\/es\/wp-json\/wp\/v2\/pages\/1320\/revisions"}],"wp:attachment":[{"href":"https:\/\/eazygrease.com\/es\/wp-json\/wp\/v2\/media?parent=1320"}],"curies":[{"name":"wp","href":"https:\/\/api.w.org\/{rel}","templated":true}]}}