{"id":106,"date":"2024-01-16T17:23:16","date_gmt":"2024-01-16T17:23:16","guid":{"rendered":"https:\/\/eazygrease.com\/?page_id=106"},"modified":"2025-08-25T18:01:42","modified_gmt":"2025-08-25T18:01:42","slug":"acerca-de-nosotros","status":"publish","type":"page","link":"https:\/\/eazygrease.com\/es\/acerca-de-nosotros\/","title":{"rendered":"Qui\u00e9nes somos"},"content":{"rendered":"<div data-elementor-type=\"wp-page\" data-elementor-id=\"106\" class=\"elementor elementor-106\" data-elementor-settings=\"{&quot;element_pack_global_tooltip_width&quot;:{&quot;unit&quot;:&quot;px&quot;,&quot;size&quot;:&quot;&quot;,&quot;sizes&quot;:[]},&quot;element_pack_global_tooltip_width_tablet&quot;:{&quot;unit&quot;:&quot;px&quot;,&quot;size&quot;:&quot;&quot;,&quot;sizes&quot;:[]},&quot;element_pack_global_tooltip_width_mobile&quot;:{&quot;unit&quot;:&quot;px&quot;,&quot;size&quot;:&quot;&quot;,&quot;sizes&quot;:[]},&quot;element_pack_global_tooltip_padding&quot;:{&quot;unit&quot;:&quot;px&quot;,&quot;top&quot;:&quot;&quot;,&quot;right&quot;:&quot;&quot;,&quot;bottom&quot;:&quot;&quot;,&quot;left&quot;:&quot;&quot;,&quot;isLinked&quot;:true},&quot;element_pack_global_tooltip_padding_tablet&quot;:{&quot;unit&quot;:&quot;px&quot;,&quot;top&quot;:&quot;&quot;,&quot;right&quot;:&quot;&quot;,&quot;bottom&quot;:&quot;&quot;,&quot;left&quot;:&quot;&quot;,&quot;isLinked&quot;:true},&quot;element_pack_global_tooltip_padding_mobile&quot;:{&quot;unit&quot;:&quot;px&quot;,&quot;top&quot;:&quot;&quot;,&quot;right&quot;:&quot;&quot;,&quot;bottom&quot;:&quot;&quot;,&quot;left&quot;:&quot;&quot;,&quot;isLinked&quot;:true},&quot;element_pack_global_tooltip_border_radius&quot;:{&quot;unit&quot;:&quot;px&quot;,&quot;top&quot;:&quot;&quot;,&quot;right&quot;:&quot;&quot;,&quot;bottom&quot;:&quot;&quot;,&quot;left&quot;:&quot;&quot;,&quot;isLinked&quot;:true},&quot;element_pack_global_tooltip_border_radius_tablet&quot;:{&quot;unit&quot;:&quot;px&quot;,&quot;top&quot;:&quot;&quot;,&quot;right&quot;:&quot;&quot;,&quot;bottom&quot;:&quot;&quot;,&quot;left&quot;:&quot;&quot;,&quot;isLinked&quot;:true},&quot;element_pack_global_tooltip_border_radius_mobile&quot;:{&quot;unit&quot;:&quot;px&quot;,&quot;top&quot;:&quot;&quot;,&quot;right&quot;:&quot;&quot;,&quot;bottom&quot;:&quot;&quot;,&quot;left&quot;:&quot;&quot;,&quot;isLinked&quot;:true}}\" data-elementor-post-type=\"page\">\n\t\t\t\t<section class=\"elementor-element elementor-element-bb1239d e-con-full home-banner-section about-banner e-flex e-con e-parent\" data-id=\"bb1239d\" data-element_type=\"container\" data-e-type=\"container\" data-settings=\"{&quot;background_background&quot;:&quot;classic&quot;}\">\n\t\t<div class=\"elementor-element elementor-element-53c3640 e-flex e-con-boxed e-con e-child\" data-id=\"53c3640\" data-element_type=\"container\" data-e-type=\"container\">\n\t\t\t\t\t<div class=\"e-con-inner\">\n\t\t\t\t<div class=\"elementor-element elementor-element-650b312 elementor-widget__width-initial elementor-widget elementor-widget-heading\" data-id=\"650b312\" data-element_type=\"widget\" data-e-type=\"widget\" data-widget_type=\"heading.default\">\n\t\t\t\t<div class=\"elementor-widget-container\">\n\t\t\t\t\t<h2 class=\"elementor-heading-title elementor-size-default\">Su socio de confianza en la gesti\u00f3n de residuos de restaurantes<\/h2>\t\t\t\t<\/div>\n\t\t\t\t<\/div>\n\t\t\t\t<div class=\"elementor-element elementor-element-9884e1e elementor-widget__width-initial elementor-widget elementor-widget-text-editor\" data-id=\"9884e1e\" data-element_type=\"widget\" data-e-type=\"widget\" data-widget_type=\"text-editor.default\">\n\t\t\t\t<div class=\"elementor-widget-container\">\n\t\t\t\t\t\t\t\t\t<p>Desde nuestra fundaci\u00f3n en 2022, EazyGrease se ha establecido r\u00e1pidamente como la principal empresa de recogida de aceite de cocina usado de la Costa Este. Lo que comenz\u00f3 como una soluci\u00f3n a un reto com\u00fan de la industria de la restauraci\u00f3n se ha convertido en una red de servicios integral que abarca toda la costa este, con m\u00e1s de 6.500 clientes satisfechos y creciendo.<\/p>\t\t\t\t\t\t\t\t<\/div>\n\t\t\t\t<\/div>\n\t\t\t\t\t<\/div>\n\t\t\t\t<\/div>\n\t\t\t\t<\/section>\n\t\t<section class=\"elementor-element elementor-element-87fa356 e-con-full the-challenge e-flex e-con e-parent\" data-id=\"87fa356\" data-element_type=\"container\" data-e-type=\"container\">\n\t\t<div class=\"elementor-element elementor-element-25f5066 e-flex e-con-boxed e-con e-child\" data-id=\"25f5066\" data-element_type=\"container\" data-e-type=\"container\">\n\t\t\t\t\t<div class=\"e-con-inner\">\n\t\t<div class=\"elementor-element elementor-element-6a6be59 e-con-full e-flex e-con e-child\" data-id=\"6a6be59\" data-element_type=\"container\" data-e-type=\"container\">\n\t\t\t\t<div class=\"elementor-element elementor-element-1a8040a elementor-widget elementor-widget-image\" data-id=\"1a8040a\" data-element_type=\"widget\" data-e-type=\"widget\" data-widget_type=\"image.default\">\n\t\t\t\t<div class=\"elementor-widget-container\">\n\t\t\t\t\t\t\t\t\t\t\t\t\t\t\t<img fetchpriority=\"high\" decoding=\"async\" width=\"579\" height=\"508\" src=\"https:\/\/eazygrease.com\/wp-content\/uploads\/2025\/05\/img-52.png\" class=\"attachment-large size-large wp-image-2810\" alt=\"\" srcset=\"https:\/\/eazygrease.com\/wp-content\/uploads\/2025\/05\/img-52.png 579w, https:\/\/eazygrease.com\/wp-content\/uploads\/2025\/05\/img-52-300x263.png 300w, https:\/\/eazygrease.com\/wp-content\/uploads\/2025\/05\/img-52-50x44.png 50w, https:\/\/eazygrease.com\/wp-content\/uploads\/2025\/05\/img-52-14x12.png 14w, https:\/\/eazygrease.com\/wp-content\/uploads\/2025\/05\/img-52-150x132.png 150w\" sizes=\"(max-width: 579px) 100vw, 579px\" \/>\t\t\t\t\t\t\t\t\t\t\t\t\t\t\t<\/div>\n\t\t\t\t<\/div>\n\t\t\t\t<\/div>\n\t\t<div class=\"elementor-element elementor-element-67a3042 e-con-full e-flex e-con e-child\" data-id=\"67a3042\" data-element_type=\"container\" data-e-type=\"container\">\n\t\t\t\t<div class=\"elementor-element elementor-element-56a8845 elementor-widget elementor-widget-heading\" data-id=\"56a8845\" data-element_type=\"widget\" data-e-type=\"widget\" data-widget_type=\"heading.default\">\n\t\t\t\t<div class=\"elementor-widget-container\">\n\t\t\t\t\t<h2 class=\"elementor-heading-title elementor-size-default\">C\u00f3mo lo hacemos mejor<\/h2>\t\t\t\t<\/div>\n\t\t\t\t<\/div>\n\t\t\t\t<div class=\"elementor-element elementor-element-a2eb152 elementor-widget elementor-widget-text-editor\" data-id=\"a2eb152\" data-element_type=\"widget\" data-e-type=\"widget\" data-widget_type=\"text-editor.default\">\n\t\t\t\t<div class=\"elementor-widget-container\">\n\t\t\t\t\t\t\t\t\t<p>Nuestro r\u00e1pido crecimiento es testimonio de nuestro compromiso con la excelencia en el sector del reciclaje de aceite de cocina usado. Con una tasa de retenci\u00f3n de clientes 94% l\u00edder en la industria, hemos construido nuestra reputaci\u00f3n en:<\/p><ul><li><strong>Fiabilidad<\/strong>: Nuestra tasa de puntualidad del 93,8% significa que puede contar con nosotros para llegar a tiempo.<\/li><li><strong>Eficacia<\/strong>: Nuestros sistemas automatizados y procesos racionalizados ahorran tiempo a su personal y reducen los riesgos en el lugar de trabajo.<\/li><li><strong>Personalizaci\u00f3n<\/strong>:Dise\u00f1amos soluciones de gesti\u00f3n de grasas adaptadas a la distribuci\u00f3n y el volumen espec\u00edficos de su cocina<\/li><li><strong>Capacidad de respuesta<\/strong>: Con m\u00e1s de 35 camiones de servicio y m\u00e1s de 50 empleados dedicados, ofrecemos el tiempo de respuesta m\u00e1s r\u00e1pido del sector.<\/li><\/ul>\t\t\t\t\t\t\t\t<\/div>\n\t\t\t\t<\/div>\n\t\t\t\t<\/div>\n\t\t\t\t\t<\/div>\n\t\t\t\t<\/div>\n\t\t\t\t<\/section>\n\t\t<section class=\"elementor-element elementor-element-042e647 e-con-full teckr-section e-flex e-con e-parent\" data-id=\"042e647\" data-element_type=\"container\" data-e-type=\"container\" data-settings=\"{&quot;background_background&quot;:&quot;classic&quot;}\">\n\t\t\t\t<div class=\"elementor-element elementor-element-5b0eb10 elementor-widget elementor-widget-html\" data-id=\"5b0eb10\" data-element_type=\"widget\" data-e-type=\"widget\" data-widget_type=\"html.default\">\n\t\t\t\t<div class=\"elementor-widget-container\">\n\t\t\t\t\t<div class=\"ticker-wrapper top-lane\">\n\t<div class=\"ticker-container\">\n\t\t<div class=\"ticker-track\">\n\t\t\t<span>RESTAURANTES<\/span> - \n\t\t\t<span>CAMIONES DE ALIMENTOS<\/span> - \n\t\t\t<span>HOTELES<\/span> - \n\t\t\t<span>RESTAURANTES<\/span> - \n\t\t\t<span>CAMIONES DE ALIMENTOS<\/span> - \n\t\t\t<span>HOTELES<\/span> - \n\t\t\t<span>RESTAURANTES<\/span> - \n\t\t\t<span>CAMIONES DE ALIMENTOS<\/span> - \n\t\t\t<span>HOTELES<\/span>\n\t\t<\/div>\n\t<\/div>\n<\/div>\n<div class=\"ticker-wrapper bottom-lane\">\n\t<div class=\"ticker-container\">\n\t\t<div class=\"ticker-track\">\n\t\t\t<span>ESCUELAS<\/span> - \n\t\t\t<span>CADENAS DE COMIDA R\u00c1PIDA<\/span> - \n\t\t\t<span>MERCADOS ALIMENTARIOS<\/span> - \n\t\t\t<span>ESCUELAS<\/span> - \n\t\t\t<span>CADENAS DE COMIDA R\u00c1PIDA<\/span> - \n\t\t\t<span>MERCADOS ALIMENTARIOS<\/span> - \n\t\t\t<span>ESCUELAS<\/span> - \n\t\t\t<span>CADENAS DE COMIDA R\u00c1PIDA<\/span> - \n\t\t\t<span>MERCADOS ALIMENTARIOS<\/span>\n\t\t<\/div>\n\t<\/div>\n<\/div>\t\t\t\t<\/div>\n\t\t\t\t<\/div>\n\t\t\t\t<\/section>\n\t\t<section class=\"elementor-element elementor-element-581f05a e-con-full the-challenge e-flex e-con e-parent\" data-id=\"581f05a\" data-element_type=\"container\" data-e-type=\"container\">\n\t\t<div class=\"elementor-element elementor-element-afef5c4 e-flex e-con-boxed e-con e-child\" data-id=\"afef5c4\" data-element_type=\"container\" data-e-type=\"container\">\n\t\t\t\t\t<div class=\"e-con-inner\">\n\t\t<div class=\"elementor-element elementor-element-18e1abd e-con-full e-flex e-con e-child\" data-id=\"18e1abd\" data-element_type=\"container\" data-e-type=\"container\">\n\t\t\t\t<div class=\"elementor-element elementor-element-943394f elementor-widget elementor-widget-heading\" data-id=\"943394f\" data-element_type=\"widget\" data-e-type=\"widget\" data-widget_type=\"heading.default\">\n\t\t\t\t<div class=\"elementor-widget-container\">\n\t\t\t\t\t<h2 class=\"elementor-heading-title elementor-size-default\">Nuestra historia de crecimiento<\/h2>\t\t\t\t<\/div>\n\t\t\t\t<\/div>\n\t\t\t\t<div class=\"elementor-element elementor-element-41e03d5 elementor-widget elementor-widget-text-editor\" data-id=\"41e03d5\" data-element_type=\"widget\" data-e-type=\"widget\" data-widget_type=\"text-editor.default\">\n\t\t\t\t<div class=\"elementor-widget-container\">\n\t\t\t\t\t\t\t\t\t<p>En tan solo unos a\u00f1os desde nuestro lanzamiento en 2022, EazyGrease ha experimentado un notable crecimiento:<\/p><ul><li><strong>M\u00e1s de 6.500<\/strong>: clientes<\/li><li><strong>Flota de 35+<\/strong>Veh\u00edculos de servicio especializados<\/li><li><strong>Equipo de 50+<\/strong>: profesionales dedicados a la tecnolog\u00eda de la grasa<\/li><li><strong>Autoservicio<\/strong>: cobertura en toda la Costa Este<\/li><\/ul><p>Esta r\u00e1pida expansi\u00f3n refleja tanto la necesidad cr\u00edtica de una gesti\u00f3n profesional del aceite de cocina en el sector de la restauraci\u00f3n como nuestra excepcional ejecuci\u00f3n para satisfacer esa necesidad.<\/p>\t\t\t\t\t\t\t\t<\/div>\n\t\t\t\t<\/div>\n\t\t\t\t<\/div>\n\t\t<div class=\"elementor-element elementor-element-7e86fbe e-con-full e-flex e-con e-child\" data-id=\"7e86fbe\" data-element_type=\"container\" data-e-type=\"container\">\n\t\t\t\t<div class=\"elementor-element elementor-element-9204004 elementor-widget elementor-widget-image\" data-id=\"9204004\" data-element_type=\"widget\" data-e-type=\"widget\" data-widget_type=\"image.default\">\n\t\t\t\t<div class=\"elementor-widget-container\">\n\t\t\t\t\t\t\t\t\t\t\t\t\t\t\t<img decoding=\"async\" width=\"500\" height=\"508\" src=\"https:\/\/eazygrease.com\/wp-content\/uploads\/2025\/05\/img-12.jpg\" class=\"attachment-large size-large wp-image-2827\" alt=\"\" srcset=\"https:\/\/eazygrease.com\/wp-content\/uploads\/2025\/05\/img-12.jpg 500w, https:\/\/eazygrease.com\/wp-content\/uploads\/2025\/05\/img-12-295x300.jpg 295w, https:\/\/eazygrease.com\/wp-content\/uploads\/2025\/05\/img-12-50x50.jpg 50w, https:\/\/eazygrease.com\/wp-content\/uploads\/2025\/05\/img-12-12x12.jpg 12w, https:\/\/eazygrease.com\/wp-content\/uploads\/2025\/05\/img-12-150x152.jpg 150w\" sizes=\"(max-width: 500px) 100vw, 500px\" \/>\t\t\t\t\t\t\t\t\t\t\t\t\t\t\t<\/div>\n\t\t\t\t<\/div>\n\t\t\t\t<\/div>\n\t\t\t\t\t<\/div>\n\t\t\t\t<\/div>\n\t\t\t\t<\/section>\n\t\t<section class=\"elementor-element elementor-element-b554322 e-con-full how-we-are-about e-flex e-con e-parent\" data-id=\"b554322\" data-element_type=\"container\" data-e-type=\"container\" data-settings=\"{&quot;background_background&quot;:&quot;classic&quot;}\">\n\t\t<div class=\"elementor-element elementor-element-c60e35c e-flex e-con-boxed e-con e-child\" data-id=\"c60e35c\" data-element_type=\"container\" data-e-type=\"container\">\n\t\t\t\t\t<div class=\"e-con-inner\">\n\t\t\t\t<div class=\"elementor-element elementor-element-900d413 elementor-widget elementor-widget-heading\" data-id=\"900d413\" data-element_type=\"widget\" data-e-type=\"widget\" data-widget_type=\"heading.default\">\n\t\t\t\t<div class=\"elementor-widget-container\">\n\t\t\t\t\t<h2 class=\"elementor-heading-title elementor-size-default\">D\u00f3nde operamos<\/h2>\t\t\t\t<\/div>\n\t\t\t\t<\/div>\n\t\t\t\t<div class=\"elementor-element elementor-element-fb15149 elementor-widget__width-initial elementor-widget elementor-widget-text-editor\" data-id=\"fb15149\" data-element_type=\"widget\" data-e-type=\"widget\" data-widget_type=\"text-editor.default\">\n\t\t\t\t<div class=\"elementor-widget-container\">\n\t\t\t\t\t\t\t\t\t<p>EazyGrease se enorgullece de servir a los restaurantes y las operaciones de servicio de alimentos en todo el este de Estados Unidos, con rutas de servicio establecidas en:<\/p>\t\t\t\t\t\t\t\t<\/div>\n\t\t\t\t<\/div>\n\t\t\t\t<div class=\"elementor-element elementor-element-99dc58c elementor-widget__width-inherit elementor-widget elementor-widget-shortcode\" data-id=\"99dc58c\" data-element_type=\"widget\" data-e-type=\"widget\" data-widget_type=\"shortcode.default\">\n\t\t\t\t<div class=\"elementor-widget-container\">\n\t\t\t\t\t\t\t<div class=\"elementor-shortcode\"><div class=\"map_wrapper\" id=\"map_wrapper_8111\">\n<div class=\"map_box\" style=\"max-width:750px\">\n<div class=\"map_aspect_ratio\" style=\"padding-top:65%\" data-padding-top=\"65%\" data-padding-top-mobile=\"0%\">\n<div class=\"map_container\">\n<div class=\"map_render map_loading\" id=\"map_8111\"><\/div>\n<\/div>\n<\/div>\n<\/div>\n<\/div><\/div>\n\t\t\t\t\t\t<\/div>\n\t\t\t\t<\/div>\n\t\t\t\t<div class=\"elementor-element elementor-element-47d7171 elementor-widget__width-initial elementor-widget elementor-widget-text-editor\" data-id=\"47d7171\" data-element_type=\"widget\" data-e-type=\"widget\" data-widget_type=\"text-editor.default\">\n\t\t\t\t<div class=\"elementor-widget-container\">\n\t\t\t\t\t\t\t\t\t<p>Nuestra red en expansi\u00f3n garantiza que podamos ofrecer un servicio constante y de alta calidad a grupos de restaurantes con varios locales, as\u00ed como a operadores independientes de toda la Costa Este.<\/p>\t\t\t\t\t\t\t\t<\/div>\n\t\t\t\t<\/div>\n\t\t\t\t\t<\/div>\n\t\t\t\t<\/div>\n\t\t\t\t<\/section>\n\t\t\t\t<\/div>","protected":false},"excerpt":{"rendered":"<p>Your Trusted Partner in Restaurant Facility Waste Management Since our founding in 2022, EazyGrease has rapidly established itself as the East Coast\u2019s premier used cooking oil collection company. What began as a solution to a common restaurant industry challenge has grown into a comprehensive service network spanning the entire Eastern Seaboard, with over 6,500 satisfied [&hellip;]<\/p>\n","protected":false},"author":12,"featured_media":0,"parent":0,"menu_order":0,"comment_status":"closed","ping_status":"closed","template":"elementor_header_footer","meta":{"_acf_changed":false,"footnotes":""},"class_list":["post-106","page","type-page","status-publish","hentry"],"acf":[],"featured_image_urls":{"full":"","thumbnail":"","medium":"","medium_large":"","large":"","ht-kb-thumb":"","1536x1536":"","2048x2048":"","trp-custom-language-flag":"","web-stories-poster-portrait":"","web-stories-publisher-logo":"","web-stories-thumbnail":""},"post_excerpt_stackable":"<p>Your Trusted Partner in Restaurant Facility Waste Management Since our founding in 2022, EazyGrease has rapidly established itself as the East Coast\u2019s premier used cooking oil collection company. What began as a solution to a common restaurant industry challenge has grown into a comprehensive service network spanning the entire Eastern Seaboard, with over 6,500 satisfied customers and growing. How We Do It Better Our rapid growth is a testament to our commitment to excellence in the used cooking oil recycling industry. With an industry-leading 94% customer retention rate, we\u2019ve built our reputation on:Reliability:\u00a0Our 93.8% on-time service rate means you can&hellip;<\/p>\n","category_list":"","author_info":{"name":"Artem Kamalov","url":"https:\/\/eazygrease.com\/es\/author\/eazygrease\/"},"comments_num":"0 comments","_links":{"self":[{"href":"https:\/\/eazygrease.com\/es\/wp-json\/wp\/v2\/pages\/106","targetHints":{"allow":["GET"]}}],"collection":[{"href":"https:\/\/eazygrease.com\/es\/wp-json\/wp\/v2\/pages"}],"about":[{"href":"https:\/\/eazygrease.com\/es\/wp-json\/wp\/v2\/types\/page"}],"author":[{"embeddable":true,"href":"https:\/\/eazygrease.com\/es\/wp-json\/wp\/v2\/users\/12"}],"replies":[{"embeddable":true,"href":"https:\/\/eazygrease.com\/es\/wp-json\/wp\/v2\/comments?post=106"}],"version-history":[{"count":1,"href":"https:\/\/eazygrease.com\/es\/wp-json\/wp\/v2\/pages\/106\/revisions"}],"predecessor-version":[{"id":11047,"href":"https:\/\/eazygrease.com\/es\/wp-json\/wp\/v2\/pages\/106\/revisions\/11047"}],"wp:attachment":[{"href":"https:\/\/eazygrease.com\/es\/wp-json\/wp\/v2\/media?parent=106"}],"curies":[{"name":"wp","href":"https:\/\/api.w.org\/{rel}","templated":true}]}}